{"id":53958,"date":"2021-02-19T08:58:49","date_gmt":"2021-02-19T07:58:49","guid":{"rendered":"https:\/\/zrce.eu\/?page_id=53958"},"modified":"2022-03-28T09:45:29","modified_gmt":"2022-03-28T08:45:29","slug":"book-now","status":"publish","type":"page","link":"https:\/\/zrce.eu\/en\/book-now\/","title":{"rendered":"Book now &#8211; Summer is coming!"},"content":{"rendered":"\r\n<div class=\"wp-block-spacer\" style=\"height: 20px;\" aria-hidden=\"true\">\u00a0<\/div>\r\n\r\n\r\n\r\n<div class=\"zrcefett150\" style=\"text-align: center;\"><a href=\"#german\"> <img decoding=\"async\" data-src=\"https:\/\/zrce.eu\/wp-content\/uploads\/2021\/02\/Flagge_DE_Icon.jpg\" width=\"20\" src=\"data:image\/gif;base64,R0lGODlhAQABAAAAACH5BAEKAAEALAAAAAABAAEAAAICTAEAOw==\" class=\"lazyload\" style=\"--smush-placeholder-width: 220px; --smush-placeholder-aspect-ratio: 220\/147;\" \/><noscript><img decoding=\"async\" src=\"https:\/\/zrce.eu\/wp-content\/uploads\/2021\/02\/Flagge_DE_Icon.jpg\" width=\"20\" \/><\/noscript> German<\/a> <a href=\" #english\"><img decoding=\"async\" data-src=\"https:\/\/zrce.eu\/wp-content\/uploads\/2021\/02\/Flagge_EN_Icon.jpg\" width=\"20\" src=\"data:image\/gif;base64,R0lGODlhAQABAAAAACH5BAEKAAEALAAAAAABAAEAAAICTAEAOw==\" class=\"lazyload\" style=\"--smush-placeholder-width: 220px; --smush-placeholder-aspect-ratio: 220\/147;\" \/><noscript><img decoding=\"async\" src=\"https:\/\/zrce.eu\/wp-content\/uploads\/2021\/02\/Flagge_EN_Icon.jpg\" width=\"20\" \/><\/noscript> English<\/a> <a href=\"#slovenian\"><img decoding=\"async\" data-src=\"https:\/\/zrce.eu\/wp-content\/uploads\/2021\/02\/Flagge_Slo_Icon.jpg\" width=\"20\" src=\"data:image\/gif;base64,R0lGODlhAQABAAAAACH5BAEKAAEALAAAAAABAAEAAAICTAEAOw==\" class=\"lazyload\" style=\"--smush-placeholder-width: 220px; --smush-placeholder-aspect-ratio: 220\/147;\" \/><noscript><img decoding=\"async\" src=\"https:\/\/zrce.eu\/wp-content\/uploads\/2021\/02\/Flagge_Slo_Icon.jpg\" width=\"20\" \/><\/noscript> Slovenian<\/a><\/div>\r\n\r\n\r\n<hr class=\"wp-block-separator\" \/>\r\n\r\n\r\n<figure class=\"wp-block-image size-large\"><img loading=\"lazy\" decoding=\"async\" width=\"1024\" height=\"512\" id=\"german\" class=\"wp-image-58195 lazyload\" data-src=\"https:\/\/zrce.eu\/wp-content\/uploads\/2021\/11\/DEJetzt-ReservierenSpaterZahlen_Header_1040x520-1-1024x512.jpg\" alt=\"\" data-srcset=\"https:\/\/zrce.eu\/wp-content\/uploads\/2021\/11\/DEJetzt-ReservierenSpaterZahlen_Header_1040x520-1-1024x512.jpg 1024w, https:\/\/zrce.eu\/wp-content\/uploads\/2021\/11\/DEJetzt-ReservierenSpaterZahlen_Header_1040x520-1-800x400.jpg 800w, https:\/\/zrce.eu\/wp-content\/uploads\/2021\/11\/DEJetzt-ReservierenSpaterZahlen_Header_1040x520-1-768x384.jpg 768w, https:\/\/zrce.eu\/wp-content\/uploads\/2021\/11\/DEJetzt-ReservierenSpaterZahlen_Header_1040x520-1.jpg 1040w\" data-sizes=\"auto, (max-width: 1024px) 100vw, 1024px\" src=\"data:image\/gif;base64,R0lGODlhAQABAAAAACH5BAEKAAEALAAAAAABAAEAAAICTAEAOw==\" style=\"--smush-placeholder-width: 1024px; --smush-placeholder-aspect-ratio: 1024\/512;\" \/><noscript><img loading=\"lazy\" decoding=\"async\" width=\"1024\" height=\"512\" id=\"german\" class=\"wp-image-58195\" src=\"https:\/\/zrce.eu\/wp-content\/uploads\/2021\/11\/DEJetzt-ReservierenSpaterZahlen_Header_1040x520-1-1024x512.jpg\" alt=\"\" srcset=\"https:\/\/zrce.eu\/wp-content\/uploads\/2021\/11\/DEJetzt-ReservierenSpaterZahlen_Header_1040x520-1-1024x512.jpg 1024w, https:\/\/zrce.eu\/wp-content\/uploads\/2021\/11\/DEJetzt-ReservierenSpaterZahlen_Header_1040x520-1-800x400.jpg 800w, https:\/\/zrce.eu\/wp-content\/uploads\/2021\/11\/DEJetzt-ReservierenSpaterZahlen_Header_1040x520-1-768x384.jpg 768w, https:\/\/zrce.eu\/wp-content\/uploads\/2021\/11\/DEJetzt-ReservierenSpaterZahlen_Header_1040x520-1.jpg 1040w\" sizes=\"auto, (max-width: 1024px) 100vw, 1024px\" \/><\/noscript><\/figure>\r\n\r\n\r\n\r\n<h1 style=\"color: #52c2f0; background-color: black;\" align=\"center\">JETZT BUCHEN \u2013 DER N\u00c4CHSTE SOMMER KOMMT BESTIMMT!<\/h1>\r\n\r\n\r\n\r\n<p>Corona war schon in der vergangenen Saison kein Verhinderungsgrund f\u00fcr eine Reise zum Zrce Beach. F\u00fcr 2022 sind schon viele altbekannte, aber auch neue Events angek\u00fcndigt und in Planung.<\/p>\r\n\r\n\r\n\r\n<p>Die Nachfrage ist bereits jetzt schon h\u00f6her als noch vor Corona. Gerne erstellen dir dein Angebot nach deinen W\u00fcnschen. Du musst nicht erst auf 200 Seite suchen und m\u00fchsam vergleichen. Bei uns bekommst du das beste Angebot direkt vom Zrce Spezialisten.<\/p>\r\n\r\n\r\n\r\n<p>F\u00fcr n\u00e4chstes Jahr gehen wir von einer weitgehend normalen Saison ohne Reisebeschr\u00e4nkungen aus. Sollte es doch noch zu einer Reisewarnung im Sommer kommen, kannst du nat\u00fcrlich immer noch stornieren.<\/p>\r\n\r\n\r\n\r\n<div class=\"wp-block-spacer\" style=\"height: 20px;\" aria-hidden=\"true\">\u00a0<\/div>\r\n\r\n\r\n\r\n<h1 style=\"color: #52c2f0; background-color: black;\" align=\"center\">STORNOBEDINGUNGEN<\/h1>\r\n\r\n\r\n\r\n<p>F\u00fcr Buchungen ab dem 01.11.2021 gelten folgende Stornierungs- und Buchungsm\u00f6glichkeiten.<\/p>\r\n\r\n\r\n\r\n<h3 class=\"wp-block-heading\">Festival Ticket<\/h3>\r\n\r\n\r\n\r\n<div class=\"twocolflexblue\">\u2714 Falls das Event abgesagt werden muss, <b>bekommst Du das Ticket in voller H\u00f6he erstattet<\/b><br \/>\u2714 Alternativ kannst Du auf ein anderes Event umbuchen<\/div>\r\n<p>&nbsp;<\/p>\r\n\r\n\r\n\r\n<h3 class=\"wp-block-heading\">Packages \/ Pakete \/ Pauschalreisen<\/h3>\r\n\r\n\r\n\r\n<div class=\"twocolflexblue\">\u2714 Bis 60 Tage vor Reisebeginn: 20\u20ac Bearbeitungsgeb\u00fchr pro Person (kann als Gutschein f\u00fcr deine n\u00e4chste Reise angerechnet werden) <br \/>\u2714 59- 30 Tage vor Reisebeginn: 40% des Reisepreises <br \/>\u2714 29- 15 Tage vor Reisebeginn: 60% des Reisepreises <br \/>\u2714 14- 8 Tage vor Reisebeginn: 95% des Reisepreises <br \/>\u2714 Ab 7 Tage vor Reisebeginn: 100% des Reisepreises <br \/>\u2714 Sollte zum Zeitpunkt der Reise eine Reisewarnung f\u00fcr Novalja vorliegen, kann nach geltendem Recht auch sp\u00e4ter kostenfrei storniert oder umgebucht werden<\/div>\r\n\r\n\r\n\r\n<p>&nbsp;<\/p>\r\n\r\n\r\n<hr class=\"wp-block-separator\" \/>\r\n\r\n\r\n<figure class=\"wp-block-image size-full\"><img decoding=\"async\" id=\"english\" class=\"wp-image-53960 lazyload\" data-src=\"https:\/\/zrce.eu\/wp-content\/uploads\/2021\/11\/ENGL-Jetzt-ReservierenSpaeterZahlen_Header_1040x520.jpg\" alt=\"\" src=\"data:image\/gif;base64,R0lGODlhAQABAAAAACH5BAEKAAEALAAAAAABAAEAAAICTAEAOw==\" style=\"--smush-placeholder-width: 1040px; --smush-placeholder-aspect-ratio: 1040\/520;\" \/><noscript><img decoding=\"async\" id=\"english\" class=\"wp-image-53960\" src=\"https:\/\/zrce.eu\/wp-content\/uploads\/2021\/11\/ENGL-Jetzt-ReservierenSpaeterZahlen_Header_1040x520.jpg\" alt=\"\" \/><\/noscript><\/figure>\r\n\r\n\r\n\r\n<h1 class=\"wp-block-heading\" style=\"color: #52c2f0; background-color: black;\" align=\"center\">BOOK NOW \u2013 SUMMER IS COMING!<\/h1>\r\n\r\n\r\n\r\n<p>Even in the past season Corona was not a reason to prevent your trip to Zrce Beach. For 2022, many well-known, but also new events are already announced and planned.<\/p>\r\n\r\n\r\n\r\n<p>The demand is already higher than before Corona. We will be happy to make you an offer according to your wishes. You don&#8217;t have to search on 200 pages and compare. With us, you get the best offer directly from the Zrce specialists.<\/p>\r\n\r\n\r\n\r\n<p>For next year we expect a normal season without travel restrictions. Should there still be a travel warning in the summer, you can of course still cancel.<\/p>\r\n\r\n\r\n\r\n<div class=\"wp-block-spacer\" style=\"height: 20px;\" aria-hidden=\"true\">\u00a0<\/div>\r\n\r\n\r\n\r\n<h1 style=\"color: #52c2f0; background-color: black;\" align=\"center\">CANCELLATION CONDITIONS<\/h1>\r\n\r\n\r\n\r\n<p>For bookings made after 01.11.2021, the following cancellation and booking options apply.<\/p>\r\n\r\n\r\n\r\n<h3 class=\"wp-block-heading\">Festival Ticket<\/h3>\r\n\r\n\r\n\r\n<div class=\"twocolflexblue\">\u2714 If the event has to be canceled, <strong>you will get a full refund of the ticket<\/strong><br \/>\u2714 Alternatively you can rebook for another event<\/div>\r\n\r\n\r\n\r\n<h3 class=\"wp-block-heading\">Packages \/ Package tours<\/h3>\r\n\r\n\r\n\r\n<div class=\"twocolflexblue\">\u2714 Up to 60 days before the start of the trip: 20\u20ac handling fee per person (can be used as a voucher for your next booking)<br \/>\u2714 59- 30 days before departure: 40% of the tour price <br \/>\u2714 29- 15 days before departure: 60% of the tour price <br \/>\u2714 14- 8 days before departure: 95% of the tour price <br \/>\u2714 From 7 days before departure: 100% of the tour price <br \/>\u2714 If there is a travel warning for Novalja at the time of the travel, it is possible to cancel or rebook later free of charge according to current law.<\/div>\r\n\r\n\r\n\r\n<p>&nbsp;<\/p>\r\n\r\n\r\n<hr class=\"wp-block-separator\" \/>\r\n\r\n\r\n<figure class=\"wp-block-image\"><img decoding=\"async\" id=\"slovenian\" class=\"wp-image-53960 lazyload\" data-src=\"https:\/\/zrce.eu\/wp-content\/uploads\/2021\/11\/Slo-Jetzt-ReservierenSpaeterZahlen_Header_1040x520.jpg\" alt=\"\" src=\"data:image\/gif;base64,R0lGODlhAQABAAAAACH5BAEKAAEALAAAAAABAAEAAAICTAEAOw==\" style=\"--smush-placeholder-width: 1040px; --smush-placeholder-aspect-ratio: 1040\/520;\" \/><noscript><img decoding=\"async\" id=\"slovenian\" class=\"wp-image-53960\" src=\"https:\/\/zrce.eu\/wp-content\/uploads\/2021\/11\/Slo-Jetzt-ReservierenSpaeterZahlen_Header_1040x520.jpg\" alt=\"\" \/><\/noscript><\/figure>\r\n\r\n\r\n\r\n<h1 style=\"color: #52c2f0; background-color: black;\" align=\"center\">REZERVIRAJ ZDAJ \u2013 POLETJE PRIHAJA<\/h1>\r\n\r\n\r\n\r\n<p>Corona ni bila razlog, da v prej\u0161nji sezoni ni pri\u0161la v Zr\u0107e Beach. Za leto 2022 so \u017ee napovedani in na\u010drtovani \u0161tevilni znani, pa tudi novi dogodki.<\/p>\r\n\r\n\r\n\r\n<p>Kampanjo \u00bbrezerviraj zdaj, rezerviraj in pla\u010daj kasneje\u00ab smo zaklju\u010dili 30. maja. Preve\u010d je bilo pro\u0161enj za iste nastanitve in preve\u010d gostov jPovpra\u0161evanje je \u017ee zdaj ve\u010dje kot pred Corono. Z veseljem vam bomo pripravili ponudbo v skladu z va\u0161imi \u017eeljami. Ni vam treba iskati na 200 straneh in opravljati zamudnih primerjav. Pri nas dobite najbolj\u0161o ponudbo neposredno od Zrce specialist.<\/p>\r\n\r\n\r\n\r\n<p>Za naslednje leto predvidevamo, da bo sezona ve\u010dinoma obi\u010dajna in brez omejitev potovanj. \u010ce bo poleti \u0161e vedno veljalo opozorilo o potovanju, lahko potovanje seveda \u0161e vedno odpoveste.<\/p>\r\n\r\n\r\n\r\n<div class=\"wp-block-spacer\" style=\"height: 20px;\" aria-hidden=\"true\">\u00a0<\/div>\r\n\r\n\r\n\r\n<h1 style=\"color: #52c2f0; background-color: black;\" align=\"center\">POGOJI ODPOVEDI<\/h1>\r\n\r\n\r\n\r\n<p>Za rezervacije po 01.11.2021 veljajo naslednje mo\u017enosti odpovedi in rezervacije.<\/p>\r\n\r\n\r\n\r\n<h3 class=\"wp-block-heading\">Festivalske vstopnice<\/h3>\r\n\r\n\r\n\r\n<div class=\"twocolflexblue\">\u2714 \u010ce se mora dogodek odpovedati,<strong> lahko dobite povrnjen denar za kupljeno vstopnico<\/strong><br \/>\u2714 Lahko pa si izberete tudi alternativo<\/div>\r\n\r\n\r\n\r\n<h3 class=\"wp-block-heading\">Paketi \/ Paketna potovanja<\/h3>\r\n\r\n\r\n\r\n<div class=\"twocolflexblue\">\u2714 Do 60 dni pred odhodom: 20 \u20ac manipulativne pristojbine na osebo ( lahko uporabite kot bon za va\u0161e naslednje potovanje) <br \/>\u2714 59- 30 dni pred odhodom: 40 % cene potovanja <br \/>\u2714 29- 15 dni pred odhodom: 60 % cene potovanja <br \/>\u2714 14- 8 dni pred odhodom: 95 % cene potovanja <br \/>\u2714 Od 7 dni pred odhodom: 100 % cene potovanja <br \/>\u2714 \u010ce v \u010dasu potovanja velja opozorilo za Novaljo, je mogo\u010de potovanje brezpla\u010dno odpovedati ali pozneje ponovno rezervirati v skladu z veljavno zakonodajo.<\/div>\r\n\r\n\r\n\r\n<p>&nbsp;<\/p>\r\n","protected":false},"excerpt":{"rendered":"<p>German English Slovenian JETZT BUCHEN \u2013 DER N\u00c4CHSTE SOMMER KOMMT BESTIMMT! Corona war schon in der vergangenen Saison kein Verhinderungsgrund f\u00fcr eine Reise zum Zrce Beach. F\u00fcr 2022 sind schon viele altbekannte, aber auch neue Events angek\u00fcndigt und in Planung. Die Nachfrage ist bereits jetzt schon h\u00f6her als noch vor Corona. Gerne erstellen dir dein&hellip;&nbsp;<a href=\"https:\/\/zrce.eu\/en\/book-now\/\" class=\"\" rel=\"bookmark\">Read More &raquo;<span class=\"screen-reader-text\">Book now &#8211; Summer is coming!<\/span><\/a><\/p>\n","protected":false},"author":44,"featured_media":0,"parent":0,"menu_order":0,"comment_status":"closed","ping_status":"closed","template":"","meta":{"neve_meta_sidebar":"full-width","neve_meta_container":"","neve_meta_enable_content_width":"off","neve_meta_content_width":100,"neve_meta_title_alignment":"","neve_meta_author_avatar":"","neve_post_elements_order":"","neve_meta_disable_header":"","neve_meta_disable_footer":"","neve_meta_disable_title":"on","neve_meta_reading_time":"","footnotes":""},"class_list":["post-53958","page","type-page","status-publish","hentry"],"_links":{"self":[{"href":"https:\/\/zrce.eu\/en\/wp-json\/wp\/v2\/pages\/53958","targetHints":{"allow":["GET"]}}],"collection":[{"href":"https:\/\/zrce.eu\/en\/wp-json\/wp\/v2\/pages"}],"about":[{"href":"https:\/\/zrce.eu\/en\/wp-json\/wp\/v2\/types\/page"}],"author":[{"embeddable":true,"href":"https:\/\/zrce.eu\/en\/wp-json\/wp\/v2\/users\/44"}],"replies":[{"embeddable":true,"href":"https:\/\/zrce.eu\/en\/wp-json\/wp\/v2\/comments?post=53958"}],"version-history":[{"count":85,"href":"https:\/\/zrce.eu\/en\/wp-json\/wp\/v2\/pages\/53958\/revisions"}],"predecessor-version":[{"id":61613,"href":"https:\/\/zrce.eu\/en\/wp-json\/wp\/v2\/pages\/53958\/revisions\/61613"}],"wp:attachment":[{"href":"https:\/\/zrce.eu\/en\/wp-json\/wp\/v2\/media?parent=53958"}],"curies":[{"name":"wp","href":"https:\/\/api.w.org\/{rel}","templated":true}]}}