{"id":52478,"date":"2021-01-26T17:34:24","date_gmt":"2021-01-26T16:34:24","guid":{"rendered":"https:\/\/zrce.eu\/?page_id=52478"},"modified":"2025-04-08T11:37:54","modified_gmt":"2025-04-08T10:37:54","slug":"ponudbe","status":"publish","type":"page","link":"https:\/\/zrce.eu\/sl\/ponudbe\/","title":{"rendered":"Ponudba za va\u0161e zabavno poletje"},"content":{"rendered":"<p><img loading=\"lazy\" decoding=\"async\" class=\"alignnone wp-image-67106 size-full lazyload\" data-src=\"https:\/\/zrce.eu\/wp-content\/uploads\/2022\/10\/Individualles-angebot_HD_eng.jpg\" alt=\"\" width=\"1920\" height=\"1080\" data-srcset=\"https:\/\/zrce.eu\/wp-content\/uploads\/2022\/10\/Individualles-angebot_HD_eng.jpg 1920w, https:\/\/zrce.eu\/wp-content\/uploads\/2022\/10\/Individualles-angebot_HD_eng-800x450.jpg 800w, https:\/\/zrce.eu\/wp-content\/uploads\/2022\/10\/Individualles-angebot_HD_eng-1024x576.jpg 1024w, https:\/\/zrce.eu\/wp-content\/uploads\/2022\/10\/Individualles-angebot_HD_eng-768x432.jpg 768w, https:\/\/zrce.eu\/wp-content\/uploads\/2022\/10\/Individualles-angebot_HD_eng-1536x864.jpg 1536w\" data-sizes=\"auto, (max-width: 1920px) 100vw, 1920px\" src=\"data:image\/gif;base64,R0lGODlhAQABAAAAACH5BAEKAAEALAAAAAABAAEAAAICTAEAOw==\" style=\"--smush-placeholder-width: 1920px; --smush-placeholder-aspect-ratio: 1920\/1080;\" \/><noscript><img loading=\"lazy\" decoding=\"async\" class=\"alignnone wp-image-67106 size-full\" src=\"https:\/\/zrce.eu\/wp-content\/uploads\/2022\/10\/Individualles-angebot_HD_eng.jpg\" alt=\"\" width=\"1920\" height=\"1080\" srcset=\"https:\/\/zrce.eu\/wp-content\/uploads\/2022\/10\/Individualles-angebot_HD_eng.jpg 1920w, https:\/\/zrce.eu\/wp-content\/uploads\/2022\/10\/Individualles-angebot_HD_eng-800x450.jpg 800w, https:\/\/zrce.eu\/wp-content\/uploads\/2022\/10\/Individualles-angebot_HD_eng-1024x576.jpg 1024w, https:\/\/zrce.eu\/wp-content\/uploads\/2022\/10\/Individualles-angebot_HD_eng-768x432.jpg 768w, https:\/\/zrce.eu\/wp-content\/uploads\/2022\/10\/Individualles-angebot_HD_eng-1536x864.jpg 1536w\" sizes=\"auto, (max-width: 1920px) 100vw, 1920px\" \/><\/noscript><\/p>\n<p>Pri nas boste na\u0161li popolni paket za va\u0161e zabavne po\u010ditnice. Pripravili vam bomo individualno ponudbo, ki bo prilagojena samo za vas, ne glede na to ali potujete sami, v skupini, praznujete dekli\u0161\u010dino ali fantov\u0161\u010dino.<br \/>\n<div class=\"twocolflexblack\">\n<h4 align=\"center\">Naveli\u010dani iskanja? Va\u0161a individualna ponudba - brezpla\u010dno.<\/h4>\n<div class=\"buttonblue\"><a href=\"https:\/\/zrce.eu\/sl\/ponudba\">Zahtevajte osebno ponudbo<br \/>\n<\/a><\/div>\n<\/div>\n<p>&nbsp;<\/p>\n<\/p>\n<p>Z veseljem vam pripravimo brezpla\u010dno individualno ponudbo. Na\u0161a ekipa se vam bo s ponudbo oglasila v najkraj\u0161em mo\u017enem \u010dasu. Naj bo to ugoden party dopust ali luksuzna vila z VIP servisom.<\/p>\n<div class=\"cleardiv\">\n<h1 style=\"color: #52c2f0; background-color: black;\" align=\"center\">Ponudba za ve\u010dje skupine in posebne prilo\u017enosti<\/h1>\n<div class=\"boxes\">\n<div class=\"hero\">\n<p><a href=\"https:\/\/zrce.eu\/sl\/zrce-kupcija\/\"><img decoding=\"async\" data-src=\"https:\/\/zrce.eu\/wp-content\/uploads\/2025\/04\/Zrce-Deals-1.png\" alt=\"Bus nach Novalja \/ Zrce Deals\" src=\"data:image\/gif;base64,R0lGODlhAQABAAAAACH5BAEKAAEALAAAAAABAAEAAAICTAEAOw==\" class=\"lazyload\" style=\"--smush-placeholder-width: 1920px; --smush-placeholder-aspect-ratio: 1920\/1080;\" \/><noscript><img decoding=\"async\" src=\"https:\/\/zrce.eu\/wp-content\/uploads\/2025\/04\/Zrce-Deals-1.png\" alt=\"Bus nach Novalja \/ Zrce Deals\" \/><\/noscript><\/a><\/p>\n<div class=\"overlaytext\"><a href=\"https:\/\/zrce.eu\/sl\/zrce-kupcija\/\">Posebne ponudbe in ugodnosti Zr\u0107e<\/a><\/div>\n<\/div>\n<\/div>\n<div class=\"boxes\">\n<div class=\"hero\">\n<p><a href=\"https:\/\/zrce.eu\/sl\/posamezno-potovanje\/\"><img decoding=\"async\" data-src=\"https:\/\/zrce.eu\/wp-content\/uploads\/2025\/04\/Single-Trips-1.png\" alt=\"Single Reise\" src=\"data:image\/gif;base64,R0lGODlhAQABAAAAACH5BAEKAAEALAAAAAABAAEAAAICTAEAOw==\" class=\"lazyload\" style=\"--smush-placeholder-width: 1920px; --smush-placeholder-aspect-ratio: 1920\/1080;\" \/><noscript><img decoding=\"async\" src=\"https:\/\/zrce.eu\/wp-content\/uploads\/2025\/04\/Single-Trips-1.png\" alt=\"Single Reise\" \/><\/noscript><\/a><\/p>\n<div class=\"overlaytext\"><a href=\"https:\/\/zrce.eu\/sl\/posamezno-potovanje\/\">Single and ready to mingle ponudba<\/a><\/div>\n<\/div>\n<\/div>\n<div class=\"boxes\">\n<div class=\"hero\">\n<p><a href=\"https:\/\/zrce.eu\/sl\/girls-only-packages\/\"><img decoding=\"async\" data-src=\"https:\/\/zrce.eu\/wp-content\/uploads\/2025\/04\/Girls-Only-1.png\" alt=\"Single Reise\" src=\"data:image\/gif;base64,R0lGODlhAQABAAAAACH5BAEKAAEALAAAAAABAAEAAAICTAEAOw==\" class=\"lazyload\" style=\"--smush-placeholder-width: 1920px; --smush-placeholder-aspect-ratio: 1920\/1080;\" \/><noscript><img decoding=\"async\" src=\"https:\/\/zrce.eu\/wp-content\/uploads\/2025\/04\/Girls-Only-1.png\" alt=\"Single Reise\" \/><\/noscript><\/a><\/p>\n<div class=\"overlaytext\"><a href=\"https:\/\/zrce.eu\/sl\/girls-only-packages\/\">Samo za punce!<\/a><\/div>\n<\/div>\n<\/div>\n<div class=\"cleardiv\"><\/div>\n<\/div>\n<hr \/>\n<div style=\"background-color: #f4f4f4; padding: 20px;\"><h4>Kontakt, nasvet in rezervacija<\/h4>\n<p><b>E-Mail<\/b><br \/>\n\ud83d\udce7\u00a0 <a href=\"mailto:team@zrce.eu\">team@zrce.eu<\/a><br \/>\n<strong><span style=\"color: #3366ff;\">FB<\/span><\/strong> <a href=\"https:\/\/www.facebook.com\/ilovezrce\/\" target=\"_blank\" rel=\"noopener noreferrer\">ilovezrce\/<\/a><\/p>\n<p><div class=\"twocolflexblack\">\n<h4 align=\"center\">Naveli\u010dani iskanja? Va\u0161a individualna ponudba - brezpla\u010dno.<\/h4>\n<div class=\"buttonblue\"><a href=\"https:\/\/zrce.eu\/sl\/ponudba\">Zahtevajte osebno ponudbo<br \/>\n<\/a><\/div>\n<\/div>\n<p>&nbsp;<\/p>\n<\/p>\n<\/div>\n<p>&nbsp;<\/p>\n<div class=\"cleardiv\">\n<div class=\"cleardiv\">\n<div class=\"boxes\">\n<div class=\"hero\">\n<p><a href=\"https:\/\/zrce.eu\/en\/find-apartment\/\"><img loading=\"lazy\" decoding=\"async\" class=\"alignnone lazyload\" data-src=\"https:\/\/zrce.eu\/wp-content\/uploads\/2017\/07\/Apartments-und-Ferienwohnungen-in-Novalja.jpg\" alt=\"Zrce Unterk\u00fcnfte und Apartments\" width=\"800\" height=\"400\" src=\"data:image\/gif;base64,R0lGODlhAQABAAAAACH5BAEKAAEALAAAAAABAAEAAAICTAEAOw==\" style=\"--smush-placeholder-width: 800px; --smush-placeholder-aspect-ratio: 800\/400;\" \/><noscript><img loading=\"lazy\" decoding=\"async\" class=\"alignnone\" src=\"https:\/\/zrce.eu\/wp-content\/uploads\/2017\/07\/Apartments-und-Ferienwohnungen-in-Novalja.jpg\" alt=\"Zrce Unterk\u00fcnfte und Apartments\" width=\"800\" height=\"400\" \/><\/noscript><\/a><\/p>\n<div class=\"overlaytext\"><a href=\"https:\/\/zrce.eu\/sl\/zrce-novalja-pag-apartments\/\">Nastanitev<\/a><\/div>\n<\/div>\n<p>Pri nas boste na\u0161li velik izbor lastnih nastanitev, ki jih upravljamo sami, veliko apartmajev, hotelov in hostlov v Novalji in okolici. Na izbiro imamo tudi veliko \u0161tevilo luksuznih vil. Le najbolj\u0161e za na\u0161e goste, brez kakr\u0161nihkoli presene\u010denj!<\/p>\n<p><a href=\"https:\/\/zrce.eu\/sl\/zrce-novalja-pag-apartments\/\">Za skupine nastanitev\/Apartmaji<\/a>\u00a0<a href=\"https:\/\/zrce.eu\/sl\/zrce-novalja-pag-apartments\/\">Hotel<\/a> <a href=\"https:\/\/zrce.eu\/sl\/zrce-novalja-pag-apartments\/\">Hostel<\/a><\/p>\n<\/div>\n<div class=\"boxes\">\n<div class=\"hero\">\n<p><a href=\"\/?page_id=151\"><img loading=\"lazy\" decoding=\"async\" class=\"alignnone lazyload\" data-src=\"https:\/\/zrce.eu\/wp-content\/uploads\/2016\/09\/anreise-fa\u0308hre.jpg\" alt=\"Zrce\" width=\"800\" height=\"400\" src=\"data:image\/gif;base64,R0lGODlhAQABAAAAACH5BAEKAAEALAAAAAABAAEAAAICTAEAOw==\" style=\"--smush-placeholder-width: 800px; --smush-placeholder-aspect-ratio: 800\/400;\" \/><noscript><img loading=\"lazy\" decoding=\"async\" class=\"alignnone\" src=\"https:\/\/zrce.eu\/wp-content\/uploads\/2016\/09\/anreise-fa\u0308hre.jpg\" alt=\"Zrce\" width=\"800\" height=\"400\" \/><\/noscript><\/a><\/p>\n<div class=\"overlaytext\"><a href=\"\/?page_id=151\">Celotna ponudba<\/a><\/div>\n<\/div>\n<p>Na na\u0161i spletni strani lahko preberete ves program in dobite vse informacije vezane na festivale, dogodke ali party boat-e. V ponudbi imamo nastanitve razli\u010dnih cenovnih razredov in za vsakogar se najde nekaj. V Novalji vam bo vedno na voljo na\u0161a ekipa, ki bo re\u0161ila vse probleme in odgovorila na vsa vpra\u0161anja.<\/p>\n<\/div>\n<\/div>\n<h3>Produkti zrce.eu<\/h3>\n<p>Tukaj lahko pogledate <a href=\"https:\/\/zrce.eu\/sl\/zrce-dogodki-in-vstopnice\/\">koledar dogodkov in festivalov<\/a>.\u00a0 Na voljo imamo veliko \u0161tevilo preverjenih <a href=\"https:\/\/zrce.eu\/sl\/zrce-novalja-pag-apartments\/\">nastanitev<\/a> in razli\u010dnih cenovnih razredov, vse od apartmajev, hostlov in hotelov. Zrce.eu ima v ponudbi ravno tako <a href=\"https:\/\/zrce.eu\/en\/partyboat\/\">boat party <\/a>. Pripravimo vam lahko individualni paket po va\u0161ih \u017eeljah.<\/p>\n<p><img loading=\"lazy\" decoding=\"async\" class=\"alignnone size-full wp-image-24086 lazyload\" data-src=\"https:\/\/zrce.eu\/wp-content\/uploads\/2015\/02\/Zrce-Beach-Overview-Panorama-1040-x-250.jpg\" alt=\"\" width=\"1040\" height=\"250\" data-srcset=\"https:\/\/zrce.eu\/wp-content\/uploads\/2015\/02\/Zrce-Beach-Overview-Panorama-1040-x-250.jpg 1040w, https:\/\/zrce.eu\/wp-content\/uploads\/2015\/02\/Zrce-Beach-Overview-Panorama-1040-x-250-800x192.jpg 800w, https:\/\/zrce.eu\/wp-content\/uploads\/2015\/02\/Zrce-Beach-Overview-Panorama-1040-x-250-768x185.jpg 768w, https:\/\/zrce.eu\/wp-content\/uploads\/2015\/02\/Zrce-Beach-Overview-Panorama-1040-x-250-1024x246.jpg 1024w\" data-sizes=\"auto, (max-width: 1040px) 100vw, 1040px\" src=\"data:image\/gif;base64,R0lGODlhAQABAAAAACH5BAEKAAEALAAAAAABAAEAAAICTAEAOw==\" style=\"--smush-placeholder-width: 1040px; --smush-placeholder-aspect-ratio: 1040\/250;\" \/><noscript><img loading=\"lazy\" decoding=\"async\" class=\"alignnone size-full wp-image-24086\" src=\"https:\/\/zrce.eu\/wp-content\/uploads\/2015\/02\/Zrce-Beach-Overview-Panorama-1040-x-250.jpg\" alt=\"\" width=\"1040\" height=\"250\" srcset=\"https:\/\/zrce.eu\/wp-content\/uploads\/2015\/02\/Zrce-Beach-Overview-Panorama-1040-x-250.jpg 1040w, https:\/\/zrce.eu\/wp-content\/uploads\/2015\/02\/Zrce-Beach-Overview-Panorama-1040-x-250-800x192.jpg 800w, https:\/\/zrce.eu\/wp-content\/uploads\/2015\/02\/Zrce-Beach-Overview-Panorama-1040-x-250-768x185.jpg 768w, https:\/\/zrce.eu\/wp-content\/uploads\/2015\/02\/Zrce-Beach-Overview-Panorama-1040-x-250-1024x246.jpg 1024w\" sizes=\"auto, (max-width: 1040px) 100vw, 1040px\" \/><\/noscript><\/p>\n<div class=\"cleardiv\">\n<h3>Novalja in Zr\u0107e<\/h3>\n<p>Ve\u010dina na\u0161ih gostov ima svojo nastanitev v Novalji. Pla\u017ea Zr\u0107e je od Novalje oddaljena pribli\u017eno tri kilometre. Med sezono lahko do pla\u017ee enostavno pridete z avtobusom. Na voljo je tudi nekaj sto parkirnih mest.<\/p>\n<h2>O Novalji<\/h2>\n<p>Novalja je priljubljena po\u010ditni\u0161ka destinacija za tiso\u010de zabave \u017eeljnih turistov, zlasti zaradi pla\u017ee Zr\u0107e. Mesto je oto\u0161ko turisti\u010dno sredi\u0161\u010de s \u0161tevilnimi nastanitvami, restavracijami, bari in trgovinami ter je odli\u010dno izhodi\u0161\u010de za aktiven oddih.<\/p>\n<p>Po podatkih mestne uprave ima mesto pribli\u017eno 3.500 prebivalcev in spada pod Li\u0161ko-senjsko \u017eupanijo. Poleti je v Novalji bistveno ve\u010d ljudi, ki tukaj pre\u017eivljajo po\u010ditnice.<\/p>\n<p>Le streljaj stran od mestnega sredi\u0161\u010da Novalje, pa lahko hitro u\u017eivate v miru, sprostitvi in \u200b\u200b\u010dudoviti naravi.<\/p>\n<p>Na pla\u017ei Zr\u010de se nahaja veliko 24\/7 klubov. Klub Papaya na pla\u017ei o\u010dara tudi s svojo neposredno lokacijo ob morju. Na Zr\u0107ah si lahko pri\u010darate tudi bolj adrenalinsko do\u017eivetje kot je uporaba wakeboarda, najem vodnih skuterjev, SUP-ov, najbolj drzni pa imajo na voljo bungee jumping. Bungee je mo\u017een tudi pono\u010di \u2013 prav posebna izku\u0161nja.<\/p>\n<p><span style=\"font-weight: 400;\">Na otoku je vedno ve\u010dja in pestrej\u0161a ponudba hotelov in apartmajev. Pravo\u010dasno si rezervirajte svojo nastanitev, saj Zr\u0107e postajajo vsako leto bolj in bolj priljubljene.\u00a0<\/span><\/p>\n<\/div>\n<\/div>\n<\/div>\n<\/div>\n","protected":false},"excerpt":{"rendered":"<p>Pri nas boste na\u0161li popolni paket za va\u0161e zabavne po\u010ditnice. Pripravili vam bomo individualno ponudbo, ki bo prilagojena samo za vas, ne glede na to ali potujete sami, v skupini, praznujete dekli\u0161\u010dino ali fantov\u0161\u010dino. Z veseljem vam pripravimo brezpla\u010dno individualno ponudbo. Na\u0161a ekipa se vam bo s ponudbo oglasila v najkraj\u0161em mo\u017enem \u010dasu. Naj bo&hellip;&nbsp;<a href=\"https:\/\/zrce.eu\/sl\/ponudbe\/\" class=\"\" rel=\"bookmark\">Preberi ve\u010d &raquo;<span class=\"screen-reader-text\">Ponudba za va\u0161e zabavno poletje<\/span><\/a><\/p>\n","protected":false},"author":44,"featured_media":0,"parent":0,"menu_order":0,"comment_status":"closed","ping_status":"closed","template":"","meta":{"neve_meta_sidebar":"full-width","neve_meta_container":"","neve_meta_enable_content_width":"off","neve_meta_content_width":100,"neve_meta_title_alignment":"","neve_meta_author_avatar":"","neve_post_elements_order":"","neve_meta_disable_header":"","neve_meta_disable_footer":"","neve_meta_disable_title":"","neve_meta_reading_time":"","footnotes":""},"class_list":["post-52478","page","type-page","status-publish","hentry"],"_links":{"self":[{"href":"https:\/\/zrce.eu\/sl\/wp-json\/wp\/v2\/pages\/52478","targetHints":{"allow":["GET"]}}],"collection":[{"href":"https:\/\/zrce.eu\/sl\/wp-json\/wp\/v2\/pages"}],"about":[{"href":"https:\/\/zrce.eu\/sl\/wp-json\/wp\/v2\/types\/page"}],"author":[{"embeddable":true,"href":"https:\/\/zrce.eu\/sl\/wp-json\/wp\/v2\/users\/44"}],"replies":[{"embeddable":true,"href":"https:\/\/zrce.eu\/sl\/wp-json\/wp\/v2\/comments?post=52478"}],"version-history":[{"count":27,"href":"https:\/\/zrce.eu\/sl\/wp-json\/wp\/v2\/pages\/52478\/revisions"}],"predecessor-version":[{"id":84599,"href":"https:\/\/zrce.eu\/sl\/wp-json\/wp\/v2\/pages\/52478\/revisions\/84599"}],"wp:attachment":[{"href":"https:\/\/zrce.eu\/sl\/wp-json\/wp\/v2\/media?parent=52478"}],"curies":[{"name":"wp","href":"https:\/\/api.w.org\/{rel}","templated":true}]}}