{"id":52524,"date":"2021-01-27T15:16:04","date_gmt":"2021-01-27T14:16:04","guid":{"rendered":"https:\/\/zrce.eu\/?page_id=52524"},"modified":"2024-06-07T13:38:11","modified_gmt":"2024-06-07T12:38:11","slug":"zrce-kupcija","status":"publish","type":"page","link":"https:\/\/zrce.eu\/sl\/zrce-kupcija\/","title":{"rendered":"Zr\u0107e kup\u010dija"},"content":{"rendered":"<p><img loading=\"lazy\" decoding=\"async\" class=\"alignnone wp-image-67129 size-full lazyload\" data-src=\"https:\/\/zrce.eu\/wp-content\/uploads\/2022\/10\/Zrce-deals_HD.jpg\" alt=\"\" width=\"1920\" height=\"1080\" data-srcset=\"https:\/\/zrce.eu\/wp-content\/uploads\/2022\/10\/Zrce-deals_HD.jpg 1920w, https:\/\/zrce.eu\/wp-content\/uploads\/2022\/10\/Zrce-deals_HD-800x450.jpg 800w, https:\/\/zrce.eu\/wp-content\/uploads\/2022\/10\/Zrce-deals_HD-1024x576.jpg 1024w, https:\/\/zrce.eu\/wp-content\/uploads\/2022\/10\/Zrce-deals_HD-768x432.jpg 768w, https:\/\/zrce.eu\/wp-content\/uploads\/2022\/10\/Zrce-deals_HD-1536x864.jpg 1536w\" data-sizes=\"auto, (max-width: 1920px) 100vw, 1920px\" src=\"data:image\/gif;base64,R0lGODlhAQABAAAAACH5BAEKAAEALAAAAAABAAEAAAICTAEAOw==\" style=\"--smush-placeholder-width: 1920px; --smush-placeholder-aspect-ratio: 1920\/1080;\" \/><noscript><img loading=\"lazy\" decoding=\"async\" class=\"alignnone wp-image-67129 size-full\" src=\"https:\/\/zrce.eu\/wp-content\/uploads\/2022\/10\/Zrce-deals_HD.jpg\" alt=\"\" width=\"1920\" height=\"1080\" srcset=\"https:\/\/zrce.eu\/wp-content\/uploads\/2022\/10\/Zrce-deals_HD.jpg 1920w, https:\/\/zrce.eu\/wp-content\/uploads\/2022\/10\/Zrce-deals_HD-800x450.jpg 800w, https:\/\/zrce.eu\/wp-content\/uploads\/2022\/10\/Zrce-deals_HD-1024x576.jpg 1024w, https:\/\/zrce.eu\/wp-content\/uploads\/2022\/10\/Zrce-deals_HD-768x432.jpg 768w, https:\/\/zrce.eu\/wp-content\/uploads\/2022\/10\/Zrce-deals_HD-1536x864.jpg 1536w\" sizes=\"auto, (max-width: 1920px) 100vw, 1920px\" \/><\/noscript><\/p>\n<div class=\"colgroupflex\">\n<div class=\"twocolflex\">\n<h2>Kaj je Zr\u0107e kup\u010dija?<\/h2>\n<p>Je omejena promocijska ponudba po super ceni. Pogosto nas podpirajo lokalni partnerji, da ustvarimo res ugodno in edinstveno ponudbo. Ali pa sestavimo pakete, ki jih ni mogo\u010de druga\u010de kupiti.<\/p>\n<p><strong>Najbolj\u0161a cena<\/strong><\/p>\n<p>Zelo ugodna cena in vedno vklju\u010den zrce.eu servis!<\/p>\n<p><strong>Omejena razpolo\u017eljivost<\/strong><\/p>\n<p>Zr\u0107e kup\u010dija je \u010dasovno in koli\u010dinsko omejena, medtem ko zaloge trajajo!<\/p>\n<\/div>\n<div class=\"twocolflex\"><h4>Kontakt, nasvet in rezervacija<\/h4>\n<p><b>E-Mail<\/b><br \/>\n\ud83d\udce7\u00a0 <a href=\"mailto:team@zrce.eu\">team@zrce.eu<\/a><br \/>\n<strong><span style=\"color: #3366ff;\">FB<\/span><\/strong> <a href=\"https:\/\/www.facebook.com\/ilovezrce\/\" target=\"_blank\" rel=\"noopener noreferrer\">ilovezrce\/<\/a><\/p>\n<p><div class=\"twocolflexblack\">\n<h4 align=\"center\">Naveli\u010dani iskanja? Va\u0161a individualna ponudba - brezpla\u010dno.<\/h4>\n<div class=\"buttonblue\"><a href=\"https:\/\/zrce.eu\/sl\/ponudba\">Zahtevajte osebno ponudbo<br \/>\n<\/a><\/div>\n<\/div>\n<p>&nbsp;<\/p>\n<\/p>\n<\/div>\n<\/div>\n<p>Posebne ponudbe za sezono 2023 na pla\u017ei Zr\u0107e ! Pridobite najbolj\u0161o ponudbo! \u010ce imate kakr\u0161na koli vpra\u0161anja o ponudbi, nam pi\u0161ite po e -po\u0161ti na <a href=\"mailto:team@zrce.eu\">team@zrce.eu<\/a>.<\/p>\n<h1 style=\"color: #52c2f0; background-color: black;\" id=\"deal\" align=\"center\">ZRCE DEAL &#8211; OUR OFFERS<\/h1>\n<div id=\"start\" class=\"twocolflex\">\n<div class=\"zrceFullWidth\"><a href=\"#hw1\">PARTY BOAT DEAL (BOAT + 10\u20ac VOUCHER)<\/a><\/div>\n<div class=\"zrceFullWidth\"><a href=\"#bgz\">PAPAYA SPRING BREAK (28.05. - 30.05.2026)<\/a><\/div>\n<\/div>\n<p>&nbsp;<\/p>\n<h1 id=\"hw1\" style=\"color: #52c2f0; background-color: black;\" align=\"center\">PARTY BOAT DEAL (BOAT + 10\u20ac VOUCHER)<\/h1>\n<p style=\"text-align: right;\"><strong><span style=\"color: #ff0000;\"><a style=\"color: #ff0000;\" href=\"#start\">back to menu<\/a><\/span><\/strong><\/p>\n<p><script type=\"text\/javascript\" src=\"\/\/fpronline.checkfront.com\/lib\/interface--0.js\"><\/script><br \/>\n<!-- CHECKFRONT BOOKING PLUGIN v25--><\/p>\n<div id=\"CHECKFRONT_WIDGET_51\">\n<p id=\"CHECKFRONT_LOADER\" style=\"background:inherit; padding: 5px 5px 5px 20px;\" data-bg=\"url(&#039;\/\/fpronline.checkfront.com\/images\/loader.gif&#039;) left center no-repeat\" class=\"lazyload\">Searching Availability...<\/p>\n<\/div>\n<p><script>\nlet language='de';\nif(window.location.href.indexOf(\"\/en\") > -1) {\nlanguage='en';\n}\nif(window.location.href.indexOf(\"\/sl\") > -1) {\nlanguage='sl';\n}\n<\/script><\/p>\n<p><script>\nnew DROPLET.Widget ({\nhost: 'fpronline.checkfront.com',\ntarget: 'CHECKFRONT_WIDGET_51',\nitem_id: '4514',\noptions: 'tabs,hidesearch,hidedates',\nlang_id: language,\nstyle: 'color: 000; background-color: f4f4f4',\nprovider: 'droplet'\n}).render();\n<\/script><\/p>\n<h1 id=\"bgz\" style=\"color: #52c2f0; background-color: black;\" align=\"center\">PAPAYA SPRING BREAK (28.05. - 30.05.2026)<\/h1>\n<p style=\"text-align: right;\"><strong><span style=\"color: #ff0000;\"><a style=\"color: #ff0000;\" href=\"#start\">back to menu<\/a><\/span><\/strong><\/p>\n<p><script type=\"text\/javascript\" src=\"\/\/fpronline.checkfront.com\/lib\/interface--0.js\"><\/script><\/p>\n<div id=\"CHECKFRONT_WIDGET_05\">\n<p id=\"CHECKFRONT_LOADER\" style=\"background:inherit; padding: 5px 5px 5px 20px;\" data-bg=\"url(&#039;\/\/fpronline.checkfront.com\/images\/loader.gif&#039;) left center no-repeat\" class=\"lazyload\">Searching Availability...<\/p>\n<\/div>\n<p><script>\nnew DROPLET.Widget ({\nhost: 'fpronline.checkfront.com',\ntarget: 'CHECKFRONT_WIDGET_05',\nitem_id: '2159,2864,2160,2161,2764,2914,2916',\noptions: 'tabs,hidesearch,hidedates',\nlang_id: 'de',\nstyle: 'color: 000; background-color: f4f4f4',\nprovider: 'droplet'\n}).render();\n<\/script><br \/>\n<noscript><a href=\"https:\/\/fpronline.checkfront.com\/reserve\/\" style=\"font-size: 16px\">Continue to Secure Booking System &raquo;<\/a><\/noscript><\/p>\n\n<div class=\"twocolflexyel\">\n<h3>Si bolj spontan?<\/h3>\n<p><strong>\u017deli\u0161 priti \u0161e prej, vendar \u0161e vedno dobiti enake ugodne cene? Potem si oglej Last Minute Deals!<\/strong><\/p>\n<div class=\"zrceFullWidth\"><a href=\"https:\/\/zrce.eu\/en\/lastminute\">Pojdi na Last Minute Ponudbe<\/a><\/div>\n<\/div>\n<hr\/>\n<h4 id=\"4\">Individualna ponudba &#8211; brezpla\u010dno in neobvezno!<\/h4>\n<div class=\"colgroupflex\">\n<div class=\"twocolflex\" style=\"background-color: #f4f4f4 !important; color:black !important;\">\n<h4>Po\u0161lji povpra\u0161evanje<\/h4>\n<p>Ne \u017eelite da bi ure in ure iskali pravo nastanitev?\u00a0Ustvarili bomo pravo ponudbo samo za vas.<\/p>\n<ul>\n<li aria-level=\"1\">Namestitev v apartmaju, hotelu ali hostlu<\/li>\n<li aria-level=\"1\">Prihod z avtom ali avtobusom<\/li>\n<li aria-level=\"1\">Festivalske vstopnice<\/li>\n<li aria-level=\"1\">Vklju\u010dene so vse prednosti zrce.eu<\/li>\n<li aria-level=\"1\">Vodnik na kraju samem<\/li>\n<\/ul>\n<\/div>\n<div class=\"pipedriveWebForms\" style=\"background-color: #f4f4f4 !important; color:black !important;\" data-pd-webforms=\"https:\/\/pipedrivewebforms.com\/form\/d991bee3029152fca19fd5c07a50f3ac1254869\"><script async=\"\" src=\"https:\/\/cdn.pipedriveassets.com\/web-form-assets\/webforms.min.js\"><\/script><\/div>\n<\/div>\n","protected":false},"excerpt":{"rendered":"<p>Kaj je Zr\u0107e kup\u010dija? Je omejena promocijska ponudba po super ceni. Pogosto nas podpirajo lokalni partnerji, da ustvarimo res ugodno in edinstveno ponudbo. Ali pa sestavimo pakete, ki jih ni mogo\u010de druga\u010de kupiti. Najbolj\u0161a cena Zelo ugodna cena in vedno vklju\u010den zrce.eu servis! Omejena razpolo\u017eljivost Zr\u0107e kup\u010dija je \u010dasovno in koli\u010dinsko omejena, medtem ko zaloge&hellip;&nbsp;<a href=\"https:\/\/zrce.eu\/sl\/zrce-kupcija\/\" class=\"\" rel=\"bookmark\">Preberi ve\u010d &raquo;<span class=\"screen-reader-text\">Zr\u0107e kup\u010dija<\/span><\/a><\/p>\n","protected":false},"author":44,"featured_media":0,"parent":0,"menu_order":0,"comment_status":"closed","ping_status":"closed","template":"","meta":{"neve_meta_sidebar":"full-width","neve_meta_container":"","neve_meta_enable_content_width":"off","neve_meta_content_width":100,"neve_meta_title_alignment":"","neve_meta_author_avatar":"","neve_post_elements_order":"","neve_meta_disable_header":"","neve_meta_disable_footer":"","neve_meta_disable_title":"","neve_meta_reading_time":"","footnotes":""},"class_list":["post-52524","page","type-page","status-publish","hentry"],"_links":{"self":[{"href":"https:\/\/zrce.eu\/sl\/wp-json\/wp\/v2\/pages\/52524","targetHints":{"allow":["GET"]}}],"collection":[{"href":"https:\/\/zrce.eu\/sl\/wp-json\/wp\/v2\/pages"}],"about":[{"href":"https:\/\/zrce.eu\/sl\/wp-json\/wp\/v2\/types\/page"}],"author":[{"embeddable":true,"href":"https:\/\/zrce.eu\/sl\/wp-json\/wp\/v2\/users\/44"}],"replies":[{"embeddable":true,"href":"https:\/\/zrce.eu\/sl\/wp-json\/wp\/v2\/comments?post=52524"}],"version-history":[{"count":35,"href":"https:\/\/zrce.eu\/sl\/wp-json\/wp\/v2\/pages\/52524\/revisions"}],"predecessor-version":[{"id":77782,"href":"https:\/\/zrce.eu\/sl\/wp-json\/wp\/v2\/pages\/52524\/revisions\/77782"}],"wp:attachment":[{"href":"https:\/\/zrce.eu\/sl\/wp-json\/wp\/v2\/media?parent=52524"}],"curies":[{"name":"wp","href":"https:\/\/api.w.org\/{rel}","templated":true}]}}