{"id":54652,"date":"2021-02-25T09:47:02","date_gmt":"2021-02-25T08:47:02","guid":{"rendered":"https:\/\/zrce.eu\/?page_id=54652"},"modified":"2021-03-01T11:38:26","modified_gmt":"2021-03-01T10:38:26","slug":"ponudba","status":"publish","type":"page","link":"https:\/\/zrce.eu\/sl\/ponudba\/","title":{"rendered":"Ponudba"},"content":{"rendered":"<p>&nbsp;<\/p>\n<h1 style=\"color: #52c2f0; background-color: black;\" align=\"center\">DOBRODO\u0160LI V NA\u0160I KLEPETALNICI<\/h1>\n<h4>1. Klepet se bo kmalu za\u010del na levi strani.<br \/>\n2. Zastavimo vam nekaj vpra\u0161anj, da vam lahko pripravimo individualno ponudbo. Traja le 2 minuti.<br \/>\n3. V 24 urah vam bomo poslali ponudbo.<\/h4>\n<p><img loading=\"lazy\" decoding=\"async\" class=\"alignnone size-full wp-image-54671 lazyload\" data-src=\"https:\/\/zrce.eu\/wp-content\/uploads\/2021\/03\/Arrow_1040x520.jpg\" alt=\"\" width=\"1040\" height=\"520\" data-srcset=\"https:\/\/zrce.eu\/wp-content\/uploads\/2021\/03\/Arrow_1040x520.jpg 1040w, https:\/\/zrce.eu\/wp-content\/uploads\/2021\/03\/Arrow_1040x520-800x400.jpg 800w, https:\/\/zrce.eu\/wp-content\/uploads\/2021\/03\/Arrow_1040x520-1024x512.jpg 1024w, https:\/\/zrce.eu\/wp-content\/uploads\/2021\/03\/Arrow_1040x520-768x384.jpg 768w\" data-sizes=\"auto, (max-width: 1040px) 100vw, 1040px\" src=\"data:image\/gif;base64,R0lGODlhAQABAAAAACH5BAEKAAEALAAAAAABAAEAAAICTAEAOw==\" style=\"--smush-placeholder-width: 1040px; --smush-placeholder-aspect-ratio: 1040\/520;\" \/><noscript><img loading=\"lazy\" decoding=\"async\" class=\"alignnone size-full wp-image-54671\" src=\"https:\/\/zrce.eu\/wp-content\/uploads\/2021\/03\/Arrow_1040x520.jpg\" alt=\"\" width=\"1040\" height=\"520\" srcset=\"https:\/\/zrce.eu\/wp-content\/uploads\/2021\/03\/Arrow_1040x520.jpg 1040w, https:\/\/zrce.eu\/wp-content\/uploads\/2021\/03\/Arrow_1040x520-800x400.jpg 800w, https:\/\/zrce.eu\/wp-content\/uploads\/2021\/03\/Arrow_1040x520-1024x512.jpg 1024w, https:\/\/zrce.eu\/wp-content\/uploads\/2021\/03\/Arrow_1040x520-768x384.jpg 768w\" sizes=\"auto, (max-width: 1040px) 100vw, 1040px\" \/><\/noscript><\/p>\n","protected":false},"excerpt":{"rendered":"<p>&nbsp; DOBRODO\u0160LI V NA\u0160I KLEPETALNICI 1. Klepet se bo kmalu za\u010del na levi strani. 2. Zastavimo vam nekaj vpra\u0161anj, da vam lahko pripravimo individualno ponudbo. Traja le 2 minuti. 3. V 24 urah vam bomo poslali ponudbo.<\/p>\n","protected":false},"author":44,"featured_media":0,"parent":0,"menu_order":0,"comment_status":"closed","ping_status":"closed","template":"","meta":{"neve_meta_sidebar":"full-width","neve_meta_container":"","neve_meta_enable_content_width":"off","neve_meta_content_width":100,"neve_meta_title_alignment":"","neve_meta_author_avatar":"","neve_post_elements_order":"","neve_meta_disable_header":"","neve_meta_disable_footer":"","neve_meta_disable_title":"on","neve_meta_reading_time":"","footnotes":""},"class_list":["post-54652","page","type-page","status-publish","hentry"],"_links":{"self":[{"href":"https:\/\/zrce.eu\/sl\/wp-json\/wp\/v2\/pages\/54652","targetHints":{"allow":["GET"]}}],"collection":[{"href":"https:\/\/zrce.eu\/sl\/wp-json\/wp\/v2\/pages"}],"about":[{"href":"https:\/\/zrce.eu\/sl\/wp-json\/wp\/v2\/types\/page"}],"author":[{"embeddable":true,"href":"https:\/\/zrce.eu\/sl\/wp-json\/wp\/v2\/users\/44"}],"replies":[{"embeddable":true,"href":"https:\/\/zrce.eu\/sl\/wp-json\/wp\/v2\/comments?post=54652"}],"version-history":[{"count":11,"href":"https:\/\/zrce.eu\/sl\/wp-json\/wp\/v2\/pages\/54652\/revisions"}],"predecessor-version":[{"id":54684,"href":"https:\/\/zrce.eu\/sl\/wp-json\/wp\/v2\/pages\/54652\/revisions\/54684"}],"wp:attachment":[{"href":"https:\/\/zrce.eu\/sl\/wp-json\/wp\/v2\/media?parent=54652"}],"curies":[{"name":"wp","href":"https:\/\/api.w.org\/{rel}","templated":true}]}}