{"id":63288,"date":"2022-05-11T14:02:24","date_gmt":"2022-05-11T13:02:24","guid":{"rendered":"https:\/\/zrce.eu\/?page_id=63288"},"modified":"2025-04-08T11:42:10","modified_gmt":"2025-04-08T10:42:10","slug":"nastanitve","status":"publish","type":"page","link":"https:\/\/zrce.eu\/sl\/nastanitve\/","title":{"rendered":"Nastanitve Novalja \/ Zrce"},"content":{"rendered":"<figure class=\"wp-block-image\"><img decoding=\"async\" class=\"Drone lazyload\" data-src=\"https:\/\/zrce.eu\/wp-content\/uploads\/2022\/03\/NOVALJA-44-scaled.jpg\" alt=\"\" src=\"data:image\/gif;base64,R0lGODlhAQABAAAAACH5BAEKAAEALAAAAAABAAEAAAICTAEAOw==\" style=\"--smush-placeholder-width: 2560px; --smush-placeholder-aspect-ratio: 2560\/1438;\" \/><noscript><img decoding=\"async\" class=\"Drone\" src=\"https:\/\/zrce.eu\/wp-content\/uploads\/2022\/03\/NOVALJA-44-scaled.jpg\" alt=\"\" \/><\/noscript><\/figure>\n<div class=\"twocolflex\">\n<div class=\"zrceFullWidth\"><a href=\"#start\">Accommodation selection<\/a><\/div>\n<div class=\"zrceFullWidth\"><a href=\"#karte\">Overview Map<\/a><\/div>\n<\/div>\n<p>&nbsp;<\/p>\n<p>Ponujamo vam \u0161iroko paleto apartmajev (po\u010ditni\u0161kih najemov) v razli\u010dnih velikostih in cenovnih razredih. Ker na sami pla\u017ei Zr\u010de skorajda ni nastanitve, ponujamo namestitev v bli\u017eini, kot so Novalja, Caska in Gajac. V Novalji in okolici so ve\u010dinoma apartmaji v hi\u0161ah z ve\u010d enotami. Obstaja nekaj hotelov in nekaj vil. Z veseljem vam ponudimo osebno ponudbo!<\/p>\n<div class=\"twocolflexblack\">\n<h4 align=\"center\">Tired of searching? Get your individual offer - for free.<\/h4>\n<div class=\"buttonblue\"><a href=\"https:\/\/zrce.eu\/en\/request\">Request a personal offer<\/a><\/div>\n<\/div>\n<p>&nbsp;<\/p>\n\n<p>Redno vozijo avtobusi od Novalje do pla\u017ee Zr\u010de in nazaj podnevi in \u200b\u200bpono\u010di. Avtobusna postajali\u0161\u010da so razporejena po vsej Novalji, tako da jih lahko dose\u017eete iz katere koli nastanitvene enote v nekaj minutah hoje. Druga mo\u017enost je, da priporo\u010damo VIP prevoz zrce.eu.<\/p>\n<h1 id=\"start\" style=\"color: #52c2f0; background-color: black;\" align=\"center\">NASTANITVE<\/h1>\n<div class=\"boxes\">\n<div class=\"hero\">\n<p><a href=\"https:\/\/zrce.eu\/sl\/nastanitev\/\"><img loading=\"lazy\" decoding=\"async\" class=\"alignnone lazyload\" data-src=\"https:\/\/zrce.eu\/wp-content\/uploads\/2025\/04\/Apartments-1.png\" alt=\"Hotels\" width=\"800\" height=\"400\" src=\"data:image\/gif;base64,R0lGODlhAQABAAAAACH5BAEKAAEALAAAAAABAAEAAAICTAEAOw==\" style=\"--smush-placeholder-width: 800px; --smush-placeholder-aspect-ratio: 800\/400;\" \/><noscript><img loading=\"lazy\" decoding=\"async\" class=\"alignnone\" src=\"https:\/\/zrce.eu\/wp-content\/uploads\/2025\/04\/Apartments-1.png\" alt=\"Hotels\" width=\"800\" height=\"400\" \/><\/noscript><\/a><\/p>\n<div class=\"overlaytext\"><a href=\"https:\/\/zrce.eu\/sl\/nastanitev\/\">Apartmaji<\/a><\/div>\n<\/div>\n<\/div>\n<div class=\"boxes\">\n<div class=\"hero\">\n<p><a href=\"https:\/\/zrce.eu\/sl\/nastanitev\/vile-z-bazenom\/\"><img loading=\"lazy\" decoding=\"async\" class=\"alignnone lazyload\" data-src=\"https:\/\/zrce.eu\/wp-content\/uploads\/2025\/04\/Villen-1.png\" alt=\"\" width=\"800\" height=\"400\" src=\"data:image\/gif;base64,R0lGODlhAQABAAAAACH5BAEKAAEALAAAAAABAAEAAAICTAEAOw==\" style=\"--smush-placeholder-width: 800px; --smush-placeholder-aspect-ratio: 800\/400;\" \/><noscript><img loading=\"lazy\" decoding=\"async\" class=\"alignnone\" src=\"https:\/\/zrce.eu\/wp-content\/uploads\/2025\/04\/Villen-1.png\" alt=\"\" width=\"800\" height=\"400\" \/><\/noscript><\/a><\/p>\n<div class=\"overlaytext\"><a href=\"https:\/\/zrce.eu\/sl\/nastanitev\/vile-z-bazenom\/\">Vile<\/a><\/div>\n<\/div>\n<\/div>\n<div class=\"boxes\">\n<div class=\"hero\">\n<p><a href=\"https:\/\/zrce.eu\/sl\/hotel\/\"><img loading=\"lazy\" decoding=\"async\" class=\"alignnone lazyload\" data-src=\"https:\/\/zrce.eu\/wp-content\/uploads\/2025\/04\/Hotels-1.png\" alt=\"Zrce Hotels\" width=\"800\" height=\"400\" src=\"data:image\/gif;base64,R0lGODlhAQABAAAAACH5BAEKAAEALAAAAAABAAEAAAICTAEAOw==\" style=\"--smush-placeholder-width: 800px; --smush-placeholder-aspect-ratio: 800\/400;\" \/><noscript><img loading=\"lazy\" decoding=\"async\" class=\"alignnone\" src=\"https:\/\/zrce.eu\/wp-content\/uploads\/2025\/04\/Hotels-1.png\" alt=\"Zrce Hotels\" width=\"800\" height=\"400\" \/><\/noscript><\/a><\/p>\n<div class=\"overlaytext\"><a href=\"https:\/\/zrce.eu\/sl\/hotel\/\">Hotelov<\/a><\/div>\n<\/div>\n<\/div>\n<div class=\"boxes\">\n<div class=\"hero\">\n<\/div>\n<\/div>\n<hr \/>\n<div class=\"colgroupflex\">\n<div class=\"twocolflex\"><h3><b>Zakaj Rezervirati z zrce.eu?<\/b><\/h3>\n<div style=\"line-height: 1.7\";>\n\u2705 Vse nastanitve smo osebno preverili in ocenili<br \/>\n\u2705 Nudimo najbolj\u0161e razmerje med ceno in kakovostjo<br \/>\n\u2705 Vase placilo je zavarovano<br \/>\n\u2705 Slovensko govoreci kontakti ekipe zrce.eu na destinaciji<br \/>\n\u2705 Popusti in posebne ponudbe z zapestnico Zrce.eu<br \/>\n\u2705 Preko 7000 zadovoljnih strank na leto<br \/>\n\u2705 Placilo s PayPal, bancno nakazilo ali kreditno kartico<br \/>\n\u2705 brez stroskov rezervacije in placila<br \/>\n\u2705 Storitev pred in med rezervacijo<br \/>\n\u2705 Nas potovalni partner tpR Reiseservice GmbH\n<\/div>\n<\/div>\n<div class=\"twocolflex\"><h4>Kontakt, nasvet in rezervacija<\/h4>\n<p><b>E-Mail<\/b><br \/>\n\ud83d\udce7\u00a0 <a href=\"mailto:team@zrce.eu\">team@zrce.eu<\/a><br \/>\n<strong><span style=\"color: #3366ff;\">FB<\/span><\/strong> <a href=\"https:\/\/www.facebook.com\/ilovezrce\/\" target=\"_blank\" rel=\"noopener noreferrer\">ilovezrce\/<\/a><\/p>\n<p><div class=\"twocolflexblack\">\n<h4 align=\"center\">Naveli\u010dani iskanja? Va\u0161a individualna ponudba - brezpla\u010dno.<\/h4>\n<div class=\"buttonblue\"><a href=\"https:\/\/zrce.eu\/sl\/ponudba\">Zahtevajte osebno ponudbo<br \/>\n<\/a><\/div>\n<\/div>\n<p>&nbsp;<\/p>\n<\/p>\n<\/div>\n<\/div>\n<div class=\"zrcefett150\">\n<hr \/>\n<div class=\"zrcefett1503\">\n<h1 id=\"events\" style=\"color: #52c2f0; background-color: black;\" align=\"center\">NASELJA V OKOLICI<\/h1>\n<h3>Novalja (2,5 km od pla\u017ee Zr\u010de)<\/h3>\n<p><span style=\"font-weight: 400;\">Glavno mesto otoka. Optimalna avtobusna povezava in gostinski objekti. Tu \u017eivi ve\u010dina strankarskih dopustnikov. Na mestnih pla\u017eah je na voljo \u0161irok izbor vodnih \u0161portov.\u00a0<\/span><\/p>\n<h3>Caska (2 km od pla\u017ee Zr\u010de)<\/h3>\n<p><span style=\"font-weight: 400;\">Majhen kraj, vendar zelo blizu pla\u017ee Zr\u010de. Ta kraj je zgodovinsko povezan z raziskavami potopljenega mesta Atlantida. Caska naj bi bila del 12000 let stare kulture. V tem kontekstu se temu kraju re\u010de tudi &#8220;Pa\u0161ki trikotnik&#8221;.<\/span><\/p>\n<h3>Gajac (2,5 km od pla\u017ee Zr\u010de)<\/h3>\n<h3>Zubovi\u010di (6 km od pla\u017ee Zr\u010de)<\/h3>\n<p><span style=\"font-weight: 400;\">Kraj se nahaja na nasprotni strani pla\u017ee Zr\u010de. Z avtom lahko hitro pridete do zabavne pla\u017ee.<\/span><\/p>\n<h3>Mandre (9,5 km od pla\u017ee Zr\u010de)<\/h3>\n<p><span style=\"font-weight: 400;\">Najbli\u017eje ve\u010dje mesto ob Novalji. Nahaja se severozahodno od \u0160imuni. Iz Mander se vidijo otoki \u0160krda in Maun ter po\u010divali\u0161\u010de Kolan. Sredi osemdesetih let je bilo blizu Mander zgrajeno prvo turisti\u010dno naselje na otoku Pag.<\/span><\/p>\n<h3>Metajna (9,6 km od pla\u017ee Zr\u010de)<\/h3>\n<p><span style=\"font-weight: 400;\">Tudi na nasprotni strani od pla\u017ee Zr\u010d. Neposredno za Zubovi\u010di. Leta 1928 so bili tu \u017ee prvi turisti.<\/span><\/p>\n<h3>\u0160imuni (12 km od pla\u017ee Zr\u010de)<\/h3>\n<p><span style=\"font-weight: 400;\">Najve\u010dje kampiranje na otoku je neposredno v \u0160imunih. Ob obali so povsod urejene prodnate pla\u017ee.<\/span><\/p>\n<h3>Pag (12,5 km od pla\u017ee Zr\u010de)<\/h3>\n<p><span style=\"font-weight: 400;\">Odli\u010den kraj z odli\u010dnimi restavracijami in samopostre\u017ebo. Veliko barov in kavarn. Mesto Pag je eno redkih dobro ohranjenih krajev iz 15. stoletja. Med zgodovinske spomenike spada sv. Marijina cerkev, stari mestni stolp, obzidje in kne\u017eja pala\u010da. Okoli Paga je veliko pe\u0161\u010denih in prodnatih pla\u017e.<\/span><\/p>\n<h3>Poto\u010dnica (13,5 km od pla\u017ee Zr\u010de)<\/h3>\n<p><span style=\"font-weight: 400;\">Nahaja se na rtu za prestolnico Novalja.<\/span><\/p>\n<h3>Jaksinica (15 km od pla\u017ee Zr\u010de)<\/h3>\n<p>Nahaja se med Novaljo in Lunom.<\/p>\n<h3>Lun (19km od pla\u017ee Zr\u010de)<\/h3>\n<p><span style=\"font-weight: 400;\">Optimalno mesto z zelo lepim pogledom na morje in za sprostitev od zabave na Zr\u010dah. V preteklosti je bilo Lun pomembno oto\u0161ko pristani\u0161\u010de, danes so do zaliva zgrajene hi\u0161e in zasajeni borovci. \u0160tevilni \u010dudoviti zalivi vas vabijo k sprostitvi.<\/span><\/p>\n<\/div>\n<\/div>\n","protected":false},"excerpt":{"rendered":"<p>Accommodation selection Overview Map &nbsp; Ponujamo vam \u0161iroko paleto apartmajev (po\u010ditni\u0161kih najemov) v razli\u010dnih velikostih in cenovnih razredih. Ker na sami pla\u017ei Zr\u010de skorajda ni nastanitve, ponujamo namestitev v bli\u017eini, kot so Novalja, Caska in Gajac. V Novalji in okolici so ve\u010dinoma apartmaji v hi\u0161ah z ve\u010d enotami. Obstaja nekaj hotelov in nekaj vil. Z&hellip;&nbsp;<a href=\"https:\/\/zrce.eu\/sl\/nastanitve\/\" class=\"\" rel=\"bookmark\">Preberi ve\u010d &raquo;<span class=\"screen-reader-text\">Nastanitve Novalja \/ Zrce<\/span><\/a><\/p>\n","protected":false},"author":44,"featured_media":0,"parent":0,"menu_order":0,"comment_status":"closed","ping_status":"closed","template":"","meta":{"neve_meta_sidebar":"full-width","neve_meta_container":"","neve_meta_enable_content_width":"off","neve_meta_content_width":100,"neve_meta_title_alignment":"","neve_meta_author_avatar":"","neve_post_elements_order":"","neve_meta_disable_header":"","neve_meta_disable_footer":"","neve_meta_disable_title":"","neve_meta_reading_time":"","footnotes":""},"class_list":["post-63288","page","type-page","status-publish","hentry"],"_links":{"self":[{"href":"https:\/\/zrce.eu\/sl\/wp-json\/wp\/v2\/pages\/63288","targetHints":{"allow":["GET"]}}],"collection":[{"href":"https:\/\/zrce.eu\/sl\/wp-json\/wp\/v2\/pages"}],"about":[{"href":"https:\/\/zrce.eu\/sl\/wp-json\/wp\/v2\/types\/page"}],"author":[{"embeddable":true,"href":"https:\/\/zrce.eu\/sl\/wp-json\/wp\/v2\/users\/44"}],"replies":[{"embeddable":true,"href":"https:\/\/zrce.eu\/sl\/wp-json\/wp\/v2\/comments?post=63288"}],"version-history":[{"count":15,"href":"https:\/\/zrce.eu\/sl\/wp-json\/wp\/v2\/pages\/63288\/revisions"}],"predecessor-version":[{"id":84602,"href":"https:\/\/zrce.eu\/sl\/wp-json\/wp\/v2\/pages\/63288\/revisions\/84602"}],"wp:attachment":[{"href":"https:\/\/zrce.eu\/sl\/wp-json\/wp\/v2\/media?parent=63288"}],"curies":[{"name":"wp","href":"https:\/\/api.w.org\/{rel}","templated":true}]}}