{"id":63689,"date":"2022-05-24T21:44:27","date_gmt":"2022-05-24T20:44:27","guid":{"rendered":"https:\/\/zrce.eu\/?page_id=63689"},"modified":"2023-01-26T23:51:46","modified_gmt":"2023-01-26T22:51:46","slug":"villa-dabo","status":"publish","type":"page","link":"https:\/\/zrce.eu\/sl\/nastanitev\/vile-z-bazenom\/villa-dabo\/","title":{"rendered":"Villa Dabo (10 oseb)"},"content":{"rendered":"<figure class=\"wp-block-image\"><img decoding=\"async\" class=\"Drone lazyload\" data-src=\"https:\/\/zrce.eu\/wp-content\/uploads\/2023\/01\/Dabo.jpg\" alt=\"\" src=\"data:image\/gif;base64,R0lGODlhAQABAAAAACH5BAEKAAEALAAAAAABAAEAAAICTAEAOw==\" style=\"--smush-placeholder-width: 1024px; --smush-placeholder-aspect-ratio: 1024\/652;\" \/><noscript><img decoding=\"async\" class=\"Drone\" src=\"https:\/\/zrce.eu\/wp-content\/uploads\/2023\/01\/Dabo.jpg\" alt=\"\" \/><\/noscript><\/figure>\n<p>&nbsp;<\/p>\n<p>Villa Dabo se nahaja 6 km stran od Novalje in ima veliko zanimivosti, kot so bazen, jacuzzi, terasa, \u017ear, zasebno parkiri\u0161\u010de in wifi. Na voljo so vse ugodnosti, ki si jih lahko za\u017eelite na po\u010ditnicah. Vila ima 5 dvoposteljnih spalnic in je zelo ljubeznivo urejena. Ima tudi \u010dudovit pogled na \u010dudovito pokrajino otoka Pag. Gostje in osebje so se \u017ee zaljubili v to vilo in se veselijo nepozabnih no\u010di \ud83d\ude42<\/p>\n<hr \/>\n<h1 id=\"mia\" style=\"color: #52c2f0; background-color: black;\" align=\"center\">MENI<\/h1>\n<div class=\"menu_row\">\n<div class=\"menu_column\"><a href=\"#buchung\"><img decoding=\"async\" data-src=\"https:\/\/zrce.eu\/wp-content\/uploads\/2022\/04\/Booking_white.png\" src=\"data:image\/gif;base64,R0lGODlhAQABAAAAACH5BAEKAAEALAAAAAABAAEAAAICTAEAOw==\" class=\"lazyload\" style=\"--smush-placeholder-width: 623px; --smush-placeholder-aspect-ratio: 623\/623;\" \/><noscript><img decoding=\"async\" src=\"https:\/\/zrce.eu\/wp-content\/uploads\/2022\/04\/Booking_white.png\"\/><\/noscript><\/a><\/div>\n<div class=\"menu_column\"><a href=\"#lage\"><img decoding=\"async\" data-src=\"https:\/\/zrce.eu\/wp-content\/uploads\/2022\/04\/Info_white.png\" src=\"data:image\/gif;base64,R0lGODlhAQABAAAAACH5BAEKAAEALAAAAAABAAEAAAICTAEAOw==\" class=\"lazyload\" style=\"--smush-placeholder-width: 623px; --smush-placeholder-aspect-ratio: 623\/623;\" \/><noscript><img decoding=\"async\" src=\"https:\/\/zrce.eu\/wp-content\/uploads\/2022\/04\/Info_white.png\"\/><\/noscript><\/a><\/div>\n<div class=\"menu_column\"><a href=\"#bilder\"><img decoding=\"async\" data-src=\"https:\/\/zrce.eu\/wp-content\/uploads\/2022\/04\/Pictures_white.png\" src=\"data:image\/gif;base64,R0lGODlhAQABAAAAACH5BAEKAAEALAAAAAABAAEAAAICTAEAOw==\" class=\"lazyload\" style=\"--smush-placeholder-width: 623px; --smush-placeholder-aspect-ratio: 623\/623;\" \/><noscript><img decoding=\"async\" src=\"https:\/\/zrce.eu\/wp-content\/uploads\/2022\/04\/Pictures_white.png\"\/><\/noscript><\/a><\/div>\n<div class=\"menu_column\"><a href=\"#standort\"><img decoding=\"async\" data-src=\"https:\/\/zrce.eu\/wp-content\/uploads\/2022\/04\/Location_white.png\" src=\"data:image\/gif;base64,R0lGODlhAQABAAAAACH5BAEKAAEALAAAAAABAAEAAAICTAEAOw==\" class=\"lazyload\" style=\"--smush-placeholder-width: 623px; --smush-placeholder-aspect-ratio: 623\/623;\" \/><noscript><img decoding=\"async\" src=\"https:\/\/zrce.eu\/wp-content\/uploads\/2022\/04\/Location_white.png\"\/><\/noscript><\/a><\/div>\n<\/div>\n\n<hr \/>\n<h1 id=\"lage\" style=\"color: #52c2f0; background-color: black;\" align=\"center\">INFO<\/h1>\n<div class=\"colgroupflex\">\n<div class=\"twocolflex\">\n<h3 id=\"infos\">Villa Infos:<\/h3>\n<table>\n<tbody>\n<tr>\n<td><img decoding=\"async\" data-src=\"https:\/\/zrce.eu\/wp-content\/uploads\/2020\/04\/icons8-person-m\u00e4nnlich-20-1.png\" src=\"data:image\/gif;base64,R0lGODlhAQABAAAAACH5BAEKAAEALAAAAAABAAEAAAICTAEAOw==\" class=\"lazyload\" style=\"--smush-placeholder-width: 20px; --smush-placeholder-aspect-ratio: 20\/20;\" \/><noscript><img decoding=\"async\" src=\"https:\/\/zrce.eu\/wp-content\/uploads\/2020\/04\/icons8-person-m\u00e4nnlich-20-1.png\" \/><\/noscript> Gesamtkapazit\u00e4t<\/td>\n<td>10<\/td>\n<\/tr>\n<tr>\n<td><img decoding=\"async\" data-src=\"https:\/\/zrce.eu\/wp-content\/uploads\/2020\/04\/icons8-haus-20-1.png\" src=\"data:image\/gif;base64,R0lGODlhAQABAAAAACH5BAEKAAEALAAAAAABAAEAAAICTAEAOw==\" class=\"lazyload\" style=\"--smush-placeholder-width: 20px; --smush-placeholder-aspect-ratio: 20\/20;\" \/><noscript><img decoding=\"async\" src=\"https:\/\/zrce.eu\/wp-content\/uploads\/2020\/04\/icons8-haus-20-1.png\" \/><\/noscript> Aufteilung<\/td>\n<td>5 Doppelzimmer<\/td>\n<\/tr>\n<tr>\n<td><img decoding=\"async\" data-src=\"https:\/\/zrce.eu\/wp-content\/uploads\/2020\/04\/icons8-k\u00fcche-20.png\" src=\"data:image\/gif;base64,R0lGODlhAQABAAAAACH5BAEKAAEALAAAAAABAAEAAAICTAEAOw==\" class=\"lazyload\" style=\"--smush-placeholder-width: 20px; --smush-placeholder-aspect-ratio: 20\/20;\" \/><noscript><img decoding=\"async\" src=\"https:\/\/zrce.eu\/wp-content\/uploads\/2020\/04\/icons8-k\u00fcche-20.png\" \/><\/noscript> ausgestattete K\u00fcche<\/td>\n<td>ja<\/td>\n<\/tr>\n<tr>\n<td><img decoding=\"async\" data-src=\"https:\/\/zrce.eu\/wp-content\/uploads\/2020\/04\/icons8-grill-20.png\" src=\"data:image\/gif;base64,R0lGODlhAQABAAAAACH5BAEKAAEALAAAAAABAAEAAAICTAEAOw==\" class=\"lazyload\" style=\"--smush-placeholder-width: 20px; --smush-placeholder-aspect-ratio: 20\/20;\" \/><noscript><img decoding=\"async\" src=\"https:\/\/zrce.eu\/wp-content\/uploads\/2020\/04\/icons8-grill-20.png\" \/><\/noscript> Grill<\/td>\n<td>ja<\/td>\n<\/tr>\n<tr>\n<td><img decoding=\"async\" data-src=\"https:\/\/zrce.eu\/wp-content\/uploads\/2020\/04\/icons8-breitbild-tv-20-1.png\" src=\"data:image\/gif;base64,R0lGODlhAQABAAAAACH5BAEKAAEALAAAAAABAAEAAAICTAEAOw==\" class=\"lazyload\" style=\"--smush-placeholder-width: 20px; --smush-placeholder-aspect-ratio: 20\/20;\" \/><noscript><img decoding=\"async\" src=\"https:\/\/zrce.eu\/wp-content\/uploads\/2020\/04\/icons8-breitbild-tv-20-1.png\" \/><\/noscript> TV\/SAT<\/td>\n<td>ja<\/td>\n<\/tr>\n<tr>\n<td><img decoding=\"async\" data-src=\"https:\/\/zrce.eu\/wp-content\/uploads\/2020\/04\/icons8-klimaanlage-20-1.png\" src=\"data:image\/gif;base64,R0lGODlhAQABAAAAACH5BAEKAAEALAAAAAABAAEAAAICTAEAOw==\" class=\"lazyload\" style=\"--smush-placeholder-width: 20px; --smush-placeholder-aspect-ratio: 20\/20;\" \/><noscript><img decoding=\"async\" src=\"https:\/\/zrce.eu\/wp-content\/uploads\/2020\/04\/icons8-klimaanlage-20-1.png\" \/><\/noscript> Klimaanlage<\/td>\n<td>ja<\/td>\n<\/tr>\n<tr>\n<td><img decoding=\"async\" data-src=\"https:\/\/zrce.eu\/wp-content\/uploads\/2020\/04\/icons8-router-20-1.png\" src=\"data:image\/gif;base64,R0lGODlhAQABAAAAACH5BAEKAAEALAAAAAABAAEAAAICTAEAOw==\" class=\"lazyload\" style=\"--smush-placeholder-width: 20px; --smush-placeholder-aspect-ratio: 20\/20;\" \/><noscript><img decoding=\"async\" src=\"https:\/\/zrce.eu\/wp-content\/uploads\/2020\/04\/icons8-router-20-1.png\" \/><\/noscript> W-lan<\/td>\n<td>ja<\/td>\n<\/tr>\n<tr>\n<td><img decoding=\"async\" data-src=\"https:\/\/zrce.eu\/wp-content\/uploads\/2020\/04\/icons8-parken-20-1.png\" src=\"data:image\/gif;base64,R0lGODlhAQABAAAAACH5BAEKAAEALAAAAAABAAEAAAICTAEAOw==\" class=\"lazyload\" style=\"--smush-placeholder-width: 20px; --smush-placeholder-aspect-ratio: 20\/20;\" \/><noscript><img decoding=\"async\" src=\"https:\/\/zrce.eu\/wp-content\/uploads\/2020\/04\/icons8-parken-20-1.png\" \/><\/noscript> kostenlose Parkpl\u00e4tze<\/td>\n<td>ja<\/td>\n<\/tr>\n<tr>\n<td><img decoding=\"async\" data-src=\"https:\/\/zrce.eu\/wp-content\/uploads\/2020\/04\/icons8-balkon-20-1.png\" src=\"data:image\/gif;base64,R0lGODlhAQABAAAAACH5BAEKAAEALAAAAAABAAEAAAICTAEAOw==\" class=\"lazyload\" style=\"--smush-placeholder-width: 20px; --smush-placeholder-aspect-ratio: 20\/20;\" \/><noscript><img decoding=\"async\" src=\"https:\/\/zrce.eu\/wp-content\/uploads\/2020\/04\/icons8-balkon-20-1.png\" \/><\/noscript> Balkon\/Terrasse<\/td>\n<td>ja<\/td>\n<\/tr>\n<tr>\n<td><img decoding=\"async\" data-src=\"https:\/\/zrce.eu\/wp-content\/uploads\/2020\/04\/icons8-schwimmbad-20-1.png\" src=\"data:image\/gif;base64,R0lGODlhAQABAAAAACH5BAEKAAEALAAAAAABAAEAAAICTAEAOw==\" class=\"lazyload\" style=\"--smush-placeholder-width: 20px; --smush-placeholder-aspect-ratio: 20\/20;\" \/><noscript><img decoding=\"async\" src=\"https:\/\/zrce.eu\/wp-content\/uploads\/2020\/04\/icons8-schwimmbad-20-1.png\" \/><\/noscript> Pool<\/td>\n<td>ja<\/td>\n<\/tr>\n<tr>\n<td><img decoding=\"async\" data-src=\"https:\/\/zrce.eu\/wp-content\/uploads\/2020\/04\/icons8-keine-versteckten-kosten-20-1.png\" src=\"data:image\/gif;base64,R0lGODlhAQABAAAAACH5BAEKAAEALAAAAAABAAEAAAICTAEAOw==\" class=\"lazyload\" style=\"--smush-placeholder-width: 20px; --smush-placeholder-aspect-ratio: 20\/20;\" \/><noscript><img decoding=\"async\" src=\"https:\/\/zrce.eu\/wp-content\/uploads\/2020\/04\/icons8-keine-versteckten-kosten-20-1.png\" \/><\/noscript>keine versteckten Geb\u00fchren<\/td>\n<td>ja<\/td>\n<\/tr>\n<\/tbody>\n<\/table>\n<\/div>\n<div class=\"twocolflex\">\n<h3>Entfernungen<\/h3>\n<table>\n<tbody>\n<tr>\n<td><img decoding=\"async\" data-src=\"https:\/\/zrce.eu\/wp-content\/uploads\/2020\/04\/icons8-strand-20-1.png\" src=\"data:image\/gif;base64,R0lGODlhAQABAAAAACH5BAEKAAEALAAAAAABAAEAAAICTAEAOw==\" class=\"lazyload\" style=\"--smush-placeholder-width: 20px; --smush-placeholder-aspect-ratio: 20\/20;\" \/><noscript><img decoding=\"async\" src=\"https:\/\/zrce.eu\/wp-content\/uploads\/2020\/04\/icons8-strand-20-1.png\" \/><\/noscript> Meer<\/td>\n<td>600 m<\/td>\n<\/tr>\n<tr>\n<td><img decoding=\"async\" data-src=\"https:\/\/zrce.eu\/wp-content\/uploads\/2020\/04\/icons8-richtung-zentrum-20-1.png\" src=\"data:image\/gif;base64,R0lGODlhAQABAAAAACH5BAEKAAEALAAAAAABAAEAAAICTAEAOw==\" class=\"lazyload\" style=\"--smush-placeholder-width: 20px; --smush-placeholder-aspect-ratio: 20\/20;\" \/><noscript><img decoding=\"async\" src=\"https:\/\/zrce.eu\/wp-content\/uploads\/2020\/04\/icons8-richtung-zentrum-20-1.png\" \/><\/noscript> Novalja<\/td>\n<td>5,5 km<\/td>\n<\/tr>\n<tr>\n<td><img decoding=\"async\" data-src=\"https:\/\/zrce.eu\/wp-content\/uploads\/2020\/04\/icons8-dj-20-1.png\" src=\"data:image\/gif;base64,R0lGODlhAQABAAAAACH5BAEKAAEALAAAAAABAAEAAAICTAEAOw==\" class=\"lazyload\" style=\"--smush-placeholder-width: 20px; --smush-placeholder-aspect-ratio: 20\/20;\" \/><noscript><img decoding=\"async\" src=\"https:\/\/zrce.eu\/wp-content\/uploads\/2020\/04\/icons8-dj-20-1.png\" \/><\/noscript> Zrce Beach<\/td>\n<td>10 km<\/td>\n<\/tr>\n<tr>\n<td><img decoding=\"async\" data-src=\"https:\/\/zrce.eu\/wp-content\/uploads\/2020\/04\/icons8-voller-einkaufswagen-20-1.png\" src=\"data:image\/gif;base64,R0lGODlhAQABAAAAACH5BAEKAAEALAAAAAABAAEAAAICTAEAOw==\" class=\"lazyload\" style=\"--smush-placeholder-width: 20px; --smush-placeholder-aspect-ratio: 20\/20;\" \/><noscript><img decoding=\"async\" src=\"https:\/\/zrce.eu\/wp-content\/uploads\/2020\/04\/icons8-voller-einkaufswagen-20-1.png\" \/><\/noscript> Einkaufsm\u00f6glichkeiten<\/td>\n<td>5,9 km<\/td>\n<\/tr>\n<tr>\n<td><img decoding=\"async\" data-src=\"https:\/\/zrce.eu\/wp-content\/uploads\/2020\/04\/icons8-bar-20-1.png\" src=\"data:image\/gif;base64,R0lGODlhAQABAAAAACH5BAEKAAEALAAAAAABAAEAAAICTAEAOw==\" class=\"lazyload\" style=\"--smush-placeholder-width: 20px; --smush-placeholder-aspect-ratio: 20\/20;\" \/><noscript><img decoding=\"async\" src=\"https:\/\/zrce.eu\/wp-content\/uploads\/2020\/04\/icons8-bar-20-1.png\" \/><\/noscript> Bar\/Restaurants<\/td>\n<td>1,6 km<\/td>\n<\/tr>\n<\/tbody>\n<\/table>\n<\/div>\n<\/div>\n\n<hr \/>\n<h1 id=\"bilder\" style=\"color: #52c2f0; background-color: black;\" align=\"center\">SLIKE<\/h1>\n\n<hr \/>\n<h1 id=\"buchung\" style=\"color: #52c2f0; background-color: black;\" align=\"center\">REZERVACIJA<\/h1>\n<p><p \/>\n<div class=\"twocolflexgreen\">\n<h3>Your personal offer<\/h3>\n<p>Some of our accommodations are only available on request, just ask us about the availibility on <a href=\"https:\/\/api.whatsapp.com\/send?phone=4973196338860\">Whatsapp (+4973196338860)<\/a><br \/>\n<br \/> You can also <strong>send an E-Mail to <a href=\"mailto:team@zrce.eu\">team@zrce.eu<\/a> to get a personal and non-binding offer.<\/strong> Just let us know about the time period you want to be in Novalja or use our<a href=\"https:\/\/zrce.eu\/en\/request\"> offer configurator<\/a>. We are looking forward to send you an offer!<\/p>\n<div class=\"twocolflexblack\">\n<h4 align=\"center\">Tired of searching? Get your individual offer - for free.<\/h4>\n<div class=\"buttonblue\"><a href=\"https:\/\/zrce.eu\/en\/request\">Request a personal offer<\/a><\/div>\n<\/div>\n<\/div>\n<br \/>\n<p><script type=\"text\/javascript\" src=\"\/\/fpronline.checkfront.com\/lib\/interface--0.js\"><\/script><br \/>\n<!-- CHECKFRONT BOOKING PLUGIN v25--><br \/>\n<!--\n\n<div id=\"CHECKFRONT_WIDGET_03\">\n\n<p id=\"CHECKFRONT_LOADER\" style=\"background:inherit; padding: 5px 5px 5px 20px\" data-bg=\"url(&#039;\/\/fpronline.checkfront.com\/images\/loader.gif&#039;) left center no-repeat\" class=\"lazyload\">Searching Availability...<\/p>\n\n<\/div>\n\n\n<script>\nlet language='de';\nif(window.location.href.indexOf(\"\/en\/\") > -1) {\nlanguage='en';\n}\nif(window.location.href.indexOf(\"\/sl\/\") > -1) {\nlanguage='sl';\n}\n<\/script>\n<script>\nnew DROPLET.Widget ({\nhost: 'fpronline.checkfront.com',\ntarget: 'CHECKFRONT_WIDGET_03',\nitem_id: '1178',\nlang_id: language,\noptions: 'tabs,hidesearch',\nstyle: 'color: 000; background-color: f4f4f4',\nprovider: 'droplet'\n}).render();\n<\/script>\n<noscript><a href=\"https:\/\/fpronline.checkfront.com\/reserve\/\" style=\"font-size: 16px\">Continue to Secure Booking System &raquo;<\/a><\/noscript>--><\/p>\n<\/p>\n<div class=\"minusmargin\"><\/div>\n\n<hr \/>\n<h1 id=\"standort\" style=\"color: #52c2f0; background-color: black;\" align=\"center\">LOKACIJA<\/h1>\n<p><iframe loading=\"lazy\" style=\"border: 0;\" data-src=\"https:\/\/www.google.com\/maps\/embed?pb=!1m18!1m12!1m3!1d1325.424627299367!2d14.8383326965593!3d44.599168409542564!2m3!1f0!2f0!3f0!3m2!1i1024!2i768!4f13.1!3m3!1m2!1s0x0%3A0xaaa7410bf4570697!2zNDTCsDM1JzU3LjAiTiAxNMKwNTAnMjAuOSJF!5e1!3m2!1sde!2sde!4v1673122762811!5m2!1sde!2sde\" width=\"1040\" height=\"520\" allowfullscreen=\"allowfullscreen\" src=\"data:image\/gif;base64,R0lGODlhAQABAAAAACH5BAEKAAEALAAAAAABAAEAAAICTAEAOw==\" class=\"lazyload\" data-load-mode=\"1\"><\/iframe><\/p>\n<hr \/>\n<div class=\"colgroupflex\">\n<div class=\"twocolflex\"><h3><b>Zakaj Rezervirati z zrce.eu?<\/b><\/h3>\n<div style=\"line-height: 1.7\";>\n\u2705 Vse nastanitve smo osebno preverili in ocenili<br \/>\n\u2705 Nudimo najbolj\u0161e razmerje med ceno in kakovostjo<br \/>\n\u2705 Vase placilo je zavarovano<br \/>\n\u2705 Slovensko govoreci kontakti ekipe zrce.eu na destinaciji<br \/>\n\u2705 Popusti in posebne ponudbe z zapestnico Zrce.eu<br \/>\n\u2705 Preko 7000 zadovoljnih strank na leto<br \/>\n\u2705 Placilo s PayPal, bancno nakazilo ali kreditno kartico<br \/>\n\u2705 brez stroskov rezervacije in placila<br \/>\n\u2705 Storitev pred in med rezervacijo<br \/>\n\u2705 Nas potovalni partner tpR Reiseservice GmbH\n<\/div>\n<\/div>\n<div class=\"twocolflex\"><h4>Kontakt, nasvet in rezervacija<\/h4>\n<p><b>E-Mail<\/b><br \/>\n\ud83d\udce7\u00a0 <a href=\"mailto:team@zrce.eu\">team@zrce.eu<\/a><br \/>\n<strong><span style=\"color: #3366ff;\">FB<\/span><\/strong> <a href=\"https:\/\/www.facebook.com\/ilovezrce\/\" target=\"_blank\" rel=\"noopener noreferrer\">ilovezrce\/<\/a><\/p>\n<p><div class=\"twocolflexblack\">\n<h4 align=\"center\">Naveli\u010dani iskanja? Va\u0161a individualna ponudba - brezpla\u010dno.<\/h4>\n<div class=\"buttonblue\"><a href=\"https:\/\/zrce.eu\/sl\/ponudba\">Zahtevajte osebno ponudbo<br \/>\n<\/a><\/div>\n<\/div>\n<p>&nbsp;<\/p>\n<\/p>\n<\/div>\n<\/div>\n<hr \/>\n<div><h2>Plan your Zrce vacation<\/h2>\n<div class=\"boxes\">\n<div class=\"hero\">\n<p><a href=\"https:\/\/zrce.eu\/sl\/nastanitve\/\"><img decoding=\"async\" data-src=\"https:\/\/zrce.eu\/wp-content\/uploads\/2020\/05\/zrceeu_Gootis_Header_800x400_Selected_Marina.jpg\" alt=\"Zrce Festivals und Event\" src=\"data:image\/gif;base64,R0lGODlhAQABAAAAACH5BAEKAAEALAAAAAABAAEAAAICTAEAOw==\" class=\"lazyload\" style=\"--smush-placeholder-width: 800px; --smush-placeholder-aspect-ratio: 800\/400;\" \/><noscript><img decoding=\"async\" src=\"https:\/\/zrce.eu\/wp-content\/uploads\/2020\/05\/zrceeu_Gootis_Header_800x400_Selected_Marina.jpg\" alt=\"Zrce Festivals und Event\" \/><\/noscript><\/a><\/p>\n<div class=\"overlaytext\"><a href=\"https:\/\/zrce.eu\/sl\/nastanitve\/\">Nastanitve<\/a><\/div>\n<\/div>\n<\/div>\n<div class=\"boxes\">\n<div class=\"hero\">\n<p><a href=\"https:\/\/zrce.eu\/sl\/shuttle-flatrate\/\"><img decoding=\"async\" data-src=\"https:\/\/zrce.eu\/wp-content\/uploads\/2019\/07\/zrceeu_ShuttleService_Start_1040x520_FT.jpg\" alt=\"Zrce Festivals und Event\" src=\"data:image\/gif;base64,R0lGODlhAQABAAAAACH5BAEKAAEALAAAAAABAAEAAAICTAEAOw==\" class=\"lazyload\" style=\"--smush-placeholder-width: 1040px; --smush-placeholder-aspect-ratio: 1040\/520;\" \/><noscript><img decoding=\"async\" src=\"https:\/\/zrce.eu\/wp-content\/uploads\/2019\/07\/zrceeu_ShuttleService_Start_1040x520_FT.jpg\" alt=\"Zrce Festivals und Event\" \/><\/noscript><\/a><\/p>\n<div class=\"overlaytext\"><a href=\"https:\/\/zrce.eu\/sl\/shuttle-flatrate\/\">Shuttle Flatrate<\/a><\/div>\n<\/div>\n<\/div>\n<div class=\"boxes\">\n<div class=\"hero\">\n<p><a href=\"https:\/\/zrce.eu\/sl\/zrce-dogodki-in-vstopnice\/\"><img decoding=\"async\" data-src=\"https:\/\/zrce.eu\/wp-content\/uploads\/2016\/09\/nachts-events.jpg\" alt=\"Zrce Festivals und Event\" src=\"data:image\/gif;base64,R0lGODlhAQABAAAAACH5BAEKAAEALAAAAAABAAEAAAICTAEAOw==\" class=\"lazyload\" style=\"--smush-placeholder-width: 800px; --smush-placeholder-aspect-ratio: 800\/400;\" \/><noscript><img decoding=\"async\" src=\"https:\/\/zrce.eu\/wp-content\/uploads\/2016\/09\/nachts-events.jpg\" alt=\"Zrce Festivals und Event\" \/><\/noscript><\/a><\/p>\n<div class=\"overlaytext\"><a href=\"https:\/\/zrce.eu\/sl\/zrce-dogodki-in-vstopnice\/\">Events + Festivals<\/a><\/div>\n<\/div>\n<\/div>\n<div class=\"boxes\">\n<div class=\"hero\"><a href=\"https:\/\/zrce.eu\/sl\/city-bus-novalja\/\"><img decoding=\"async\" data-src=\"https:\/\/zrce.eu\/wp-content\/uploads\/2022\/06\/Novalja_Citybus_1040x520.jpeg\" alt=\"Zrce Anreise\" src=\"data:image\/gif;base64,R0lGODlhAQABAAAAACH5BAEKAAEALAAAAAABAAEAAAICTAEAOw==\" class=\"lazyload\" style=\"--smush-placeholder-width: 1040px; --smush-placeholder-aspect-ratio: 1040\/520;\" \/><noscript><img decoding=\"async\" src=\"https:\/\/zrce.eu\/wp-content\/uploads\/2022\/06\/Novalja_Citybus_1040x520.jpeg\" alt=\"Zrce Anreise\" \/><\/noscript><\/a><\/p>\n<div class=\"overlaytext\"><a href=\"https:\/\/zrce.eu\/sl\/city-bus-novalja\/\">Citybus<\/a><\/div>\n<\/div>\n<\/div>\n<\/div>\n","protected":false},"excerpt":{"rendered":"<p>&nbsp; Villa Dabo se nahaja 6 km stran od Novalje in ima veliko zanimivosti, kot so bazen, jacuzzi, terasa, \u017ear, zasebno parkiri\u0161\u010de in wifi. Na voljo so vse ugodnosti, ki si jih lahko za\u017eelite na po\u010ditnicah. Vila ima 5 dvoposteljnih spalnic in je zelo ljubeznivo urejena. Ima tudi \u010dudovit pogled na \u010dudovito pokrajino otoka Pag.&hellip;&nbsp;<a href=\"https:\/\/zrce.eu\/sl\/nastanitev\/vile-z-bazenom\/villa-dabo\/\" class=\"\" rel=\"bookmark\">Preberi ve\u010d &raquo;<span class=\"screen-reader-text\">Villa Dabo (10 oseb)<\/span><\/a><\/p>\n","protected":false},"author":44,"featured_media":0,"parent":55117,"menu_order":0,"comment_status":"closed","ping_status":"closed","template":"","meta":{"neve_meta_sidebar":"full-width","neve_meta_container":"","neve_meta_enable_content_width":"off","neve_meta_content_width":100,"neve_meta_title_alignment":"","neve_meta_author_avatar":"","neve_post_elements_order":"","neve_meta_disable_header":"","neve_meta_disable_footer":"","neve_meta_disable_title":"","neve_meta_reading_time":"","footnotes":""},"class_list":["post-63689","page","type-page","status-publish","hentry"],"_links":{"self":[{"href":"https:\/\/zrce.eu\/sl\/wp-json\/wp\/v2\/pages\/63689","targetHints":{"allow":["GET"]}}],"collection":[{"href":"https:\/\/zrce.eu\/sl\/wp-json\/wp\/v2\/pages"}],"about":[{"href":"https:\/\/zrce.eu\/sl\/wp-json\/wp\/v2\/types\/page"}],"author":[{"embeddable":true,"href":"https:\/\/zrce.eu\/sl\/wp-json\/wp\/v2\/users\/44"}],"replies":[{"embeddable":true,"href":"https:\/\/zrce.eu\/sl\/wp-json\/wp\/v2\/comments?post=63689"}],"version-history":[{"count":5,"href":"https:\/\/zrce.eu\/sl\/wp-json\/wp\/v2\/pages\/63689\/revisions"}],"predecessor-version":[{"id":69052,"href":"https:\/\/zrce.eu\/sl\/wp-json\/wp\/v2\/pages\/63689\/revisions\/69052"}],"up":[{"embeddable":true,"href":"https:\/\/zrce.eu\/sl\/wp-json\/wp\/v2\/pages\/55117"}],"wp:attachment":[{"href":"https:\/\/zrce.eu\/sl\/wp-json\/wp\/v2\/media?parent=63689"}],"curies":[{"name":"wp","href":"https:\/\/api.w.org\/{rel}","templated":true}]}}